{"id":1818,"date":"2025-02-25T09:52:41","date_gmt":"2025-02-25T09:52:41","guid":{"rendered":"https:\/\/rentamarproperties.com\/cookies-policy\/"},"modified":"2025-03-13T18:02:32","modified_gmt":"2025-03-13T18:02:32","slug":"politica-de-cookies","status":"publish","type":"page","link":"https:\/\/rentamarproperties.com\/ca\/politica-de-cookies\/","title":{"rendered":"Pol\u00edtica de cookies"},"content":{"rendered":"[vc_row type=&#8221;full_width_background&#8221; full_screen_row_position=&#8221;middle&#8221; column_margin=&#8221;default&#8221; column_direction=&#8221;default&#8221; column_direction_tablet=&#8221;default&#8221; column_direction_phone=&#8221;default&#8221; scene_position=&#8221;center&#8221; text_color=&#8221;dark&#8221; text_align=&#8221;left&#8221; row_border_radius=&#8221;none&#8221; row_border_radius_applies=&#8221;bg&#8221; overflow=&#8221;visible&#8221; class=&#8221;MarginBottom&#8221; overlay_strength=&#8221;0.3&#8243; gradient_direction=&#8221;left_to_right&#8221; shape_divider_position=&#8221;bottom&#8221; bg_image_animation=&#8221;none&#8221; gradient_type=&#8221;default&#8221; shape_type=&#8221;&#8221;][vc_column column_padding=&#8221;no-extra-padding&#8221; column_padding_tablet=&#8221;inherit&#8221; column_padding_phone=&#8221;inherit&#8221; column_padding_position=&#8221;all&#8221; column_element_direction_desktop=&#8221;default&#8221; column_element_spacing=&#8221;default&#8221; desktop_text_alignment=&#8221;default&#8221; tablet_text_alignment=&#8221;default&#8221; phone_text_alignment=&#8221;default&#8221; background_color_opacity=&#8221;1&#8243; background_hover_color_opacity=&#8221;1&#8243; column_backdrop_filter=&#8221;none&#8221; column_shadow=&#8221;none&#8221; column_border_radius=&#8221;none&#8221; column_link_target=&#8221;_self&#8221; column_position=&#8221;default&#8221; gradient_direction=&#8221;left_to_right&#8221; overlay_strength=&#8221;0.3&#8243; width=&#8221;1\/1&#8243; tablet_width_inherit=&#8221;default&#8221; animation_type=&#8221;default&#8221; bg_image_animation=&#8221;none&#8221; border_type=&#8221;simple&#8221; column_border_width=&#8221;none&#8221; column_border_style=&#8221;solid&#8221;][vc_column_text css=&#8221;&#8221; text_direction=&#8221;default&#8221; el_class=&#8221;legales&#8221;]\n<h1>POL\u00cdTICA DE COOKIES<\/h1>\n<p>Hem creat aquesta pol\u00edtica de cookies per informar-lo sobre la seva exist\u00e8ncia i explicar per qu\u00e8 utilitzem cookies al nostre portal web <a href=\"https:\/\/rentamarproperties.com\/\">https:\/\/rentamarproperties.com\/<\/a> (d&#8217;aqu\u00ed en endavant, la \u201cp\u00e0gina web\u201d), propietat de <strong>RENTAMAR S.L<\/strong> amb n\u00famero de <strong>CIF B08359283<\/strong> i domicili al <strong>Carrer Enten\u00e7a 332, 5\u00e8 4a; Barcelona \u2013 Espanya<\/strong>, i com a prova del nostre comprom\u00eds amb la seva privacitat.<\/p>\n<p>En usar la nostra p\u00e0gina web vost\u00e8 accepta l&#8217;emmagatzematge de cookies en el seu dispositiu i per tant accepta aquesta pol\u00edtica.<\/p>\n<h2>INSTRUCCIONS PER CONFIGURAR LA INFORMACI\u00d3 SOBRE COOKIES<\/h2>\n<h3>Cl\u00e0usula informativa de primera capa o finestra emergent<\/h3>\n<p>Utilitzem cookies pr\u00f2pies i de tercers amb la finalitat d&#8217;analitzar la navegaci\u00f3 i el tr\u00e0nsit generat a efectes estad\u00edstics i mostrar-li la ubicaci\u00f3 de les nostres oficines i promocions.<\/p>\n<h3>Cl\u00e0usula informativa de segona capa. Panell de Configuraci\u00f3<\/h3>\n<p>L&#8217;informem, en compliment de la normativa vigent, que aquest lloc web utilitza cookies pr\u00f2pies i de tercers. Una cookie \u00e9s un fitxer que es descarrega en el dispositiu de l&#8217;usuari quan s&#8217;accedeix a la p\u00e0gina web, amb la finalitat d&#8217;emmagatzemar i recuperar informaci\u00f3 sobre la navegaci\u00f3 que es realitza amb el dispositiu.<\/p>\n<ul>\n<li><strong>Cookies t\u00e8cniques:<\/strong> Permeten a l&#8217;usuari la navegaci\u00f3 a trav\u00e9s d&#8217;una p\u00e0gina web, plataforma o aplicaci\u00f3 i la utilitzaci\u00f3 de les diferents opcions o serveis que en ella existeixin.<\/li>\n<li><strong>Cookies de personalitzaci\u00f3:<\/strong> Permeten a l&#8217;usuari accedir al servei amb algunes caracter\u00edstiques de car\u00e0cter general predefinides en funci\u00f3 d&#8217;una s\u00e8rie de criteris en el terminal de l&#8217;usuari com, per exemple, l&#8217;idioma, el tipus de navegador a trav\u00e9s del qual accedeix al servei, la configuraci\u00f3 regional des d&#8217;on accedeix al servei, etc.<\/li>\n<li><strong>Cookies d&#8217;an\u00e0lisi:<\/strong> Permeten al responsable d&#8217;aquestes, el seguiment i an\u00e0lisi del comportament dels usuaris dels llocs web als quals estan vinculades. La informaci\u00f3 recollida mitjan\u00e7ant aquest tipus de cookies s&#8217;utilitza en la mesura de l&#8217;activitat dels llocs web, aplicaci\u00f3 o plataforma i per a l&#8217;elaboraci\u00f3 de perfils de navegaci\u00f3 dels usuaris d&#8217;aquests llocs, aplicacions i plataformes, amb la finalitat d&#8217;introduir millores en funci\u00f3 de l&#8217;an\u00e0lisi de les dades d&#8217;\u00fas que fan els usuaris del servei.<\/li>\n<\/ul>\n<h2>TERCERS<\/h2>\n<p>Aquesta web utilitza serveis d&#8217;an\u00e0lisi, concretament, <strong>Google Analytics<\/strong> per ajudar al website a analitzar l&#8217;\u00fas que fan els usuaris del lloc web i millorar la usabilitat, per\u00f2 en cap cas s&#8217;associen a dades que poguessin arribar a identificar a l&#8217;usuari. Google Analytics \u00e9s un servei anal\u00edtic de web prestat per Google, Inc. L&#8217;usuari pot consultar <a href=\"https:\/\/rentamarproperties.com\/\">aqu\u00ed<\/a> el tipus de cookies utilitzades per Google.<\/p>\n<p><a href=\"https:\/\/rentamarproperties.com\/\">https:\/\/rentamarproperties.com\/<\/a> \u00e9s usuari de la plataforma de subministrament i allotjament de blogs WordPress, propietat de l&#8217;empresa nord-americana <strong>Automattic, Inc.<\/strong> A tals efectes, els usos d&#8217;aquestes cookies pels sistemes mai estan sota control o gesti\u00f3 del responsable del web, poden canviar la seva funci\u00f3 en qualsevol moment, i entrar cookies noves. Aquestes cookies tampoc reporten al responsable d&#8217;aquesta web cap benefici.<\/p>\n<p><strong>Accions de remarketing mitjan\u00e7ant Google AdWords<\/strong>, que utilitza les cookies per ajudar-me a oferir anuncis en l\u00ednia espec\u00edfics basats en visites anteriors al meu lloc web. Google utilitza aquesta informaci\u00f3 per mostrar anuncis en diversos llocs web de tercers a trav\u00e9s d&#8217;Internet. Aquestes cookies estan a punt d&#8217;expirar i no contenen informaci\u00f3 que pugui identificar-lo personalment. Si us plau, dirigiu-vos a la publicitat de Google Av\u00eds de privacitat per obtenir m\u00e9s informaci\u00f3.<\/p>\n<p>Com a usuari d&#8217;Internet, en qualsevol moment pot procedir a l&#8217;esborrat de la informaci\u00f3 referent als seus h\u00e0bits de navegaci\u00f3, i el perfil relacionat que ha generat els referits h\u00e0bits, accedint de forma directa i gratu\u00efta a: <a href=\"https:\/\/www.google.com\/settings\/ads\/preferences?hl=es\">https:\/\/www.google.com\/settings\/ads\/preferences?hl=es<\/a>.<\/p>\n<h3>Desactivaci\u00f3 de cookies a trav\u00e9s del navegador<\/h3>\n<p>Vost\u00e8 pot permetre, bloquejar o eliminar les cookies instal\u00b7lades en el seu equip mitjan\u00e7ant la configuraci\u00f3 de les opcions del navegador instal\u00b7lat en el seu ordinador. Si us plau, llegeixi atentament la secci\u00f3 d&#8217;ajuda del seu navegador per con\u00e8ixer m\u00e9s sobre com activar el \u201cmode privat\u201d o desbloquejar determinades cookies.<\/p>\n<ul>\n<li><strong>Internet Explorer:<\/strong> Pot consultar el suport de Microsoft o l&#8217;Ajuda del navegador.<\/li>\n<li><strong>Firefox:<\/strong> Pot consultar el suport de Mozilla o l&#8217;Ajuda del navegador.<\/li>\n<li><strong>Chrome:<\/strong> Pot consultar el suport de Google o l&#8217;Ajuda del navegador.<\/li>\n<li><strong>Safari:<\/strong> Pot consultar el suport d&#8217;Apple o l&#8217;Ajuda del navegador.<\/li>\n<\/ul>\n<h3>Actualitzacions i canvis en la Pol\u00edtica de Cookies.<\/h3>\n<p>La variaci\u00f3 de les cookies que apareguin en aquesta web pot no estar relacionada amb la gesti\u00f3 i el seu manteniment, per la qual cosa es duen a terme revisions peri\u00f2diques per adequar la pol\u00edtica de cookies.<\/p>\n<p>El titular del web no assumeix cap responsabilitat per problemes legals o t\u00e8cnics causats per l&#8217;incompliment per part de l&#8217;usuari de les recomanacions incloses i no es fa responsable del contingut i veracitat de les pol\u00edtiques de privacitat de tercers.<\/p>\n<p>Aquesta Pol\u00edtica de Cookies podr\u00e0 ser modificada en funci\u00f3 d&#8217;exig\u00e8ncies legislatives, reglament\u00e0ries, o amb la finalitat d&#8217;adaptar aquesta pol\u00edtica a les instruccions dictades per l&#8217;<strong>Ag\u00e8ncia Espanyola de Protecci\u00f3 de Dades<\/strong>, per aix\u00f2 s&#8217;aconsella als Usuaris que la visitin peri\u00f2dicament.<\/p>\n<p>Si t\u00e9 dubtes sobre aquesta pol\u00edtica de cookies, pot contactar amb nosaltres a <a href=\"mailto:rentamar@rentamarproperties.com\">rentamar@rentamarproperties.com<\/a><\/p>\n[\/vc_column_text][\/vc_column][\/vc_row]\n","protected":false},"excerpt":{"rendered":"<p>[vc_row type=&#8221;full_width_background&#8221; full_screen_row_position=&#8221;middle&#8221; column_margin=&#8221;default&#8221; column_direction=&#8221;default&#8221; column_direction_tablet=&#8221;default&#8221; column_direction_phone=&#8221;default&#8221; scene_position=&#8221;center&#8221; text_color=&#8221;dark&#8221; text_align=&#8221;left&#8221; row_border_radius=&#8221;none&#8221; row_border_radius_applies=&#8221;bg&#8221; overflow=&#8221;visible&#8221; class=&#8221;MarginBottom&#8221; overlay_strength=&#8221;0.3&#8243; gradient_direction=&#8221;left_to_right&#8221; shape_divider_position=&#8221;bottom&#8221; bg_image_animation=&#8221;none&#8221; gradient_type=&#8221;default&#8221; shape_type=&#8221;&#8221;][vc_column column_padding=&#8221;no-extra-padding&#8221; column_padding_tablet=&#8221;inherit&#8221; column_padding_phone=&#8221;inherit&#8221; column_padding_position=&#8221;all&#8221; column_element_direction_desktop=&#8221;default&#8221; column_element_spacing=&#8221;default&#8221; desktop_text_alignment=&#8221;default&#8221; tablet_text_alignment=&#8221;default&#8221; phone_text_alignment=&#8221;default&#8221; background_color_opacity=&#8221;1&#8243;&#8230;<\/p>\n","protected":false},"author":1,"featured_media":0,"parent":0,"menu_order":0,"comment_status":"closed","ping_status":"open","template":"page-sidebar.php","meta":{"_acf_changed":false,"inline_featured_image":false,"footnotes":""},"class_list":["post-1818","page","type-page","status-publish"],"acf":[],"yoast_head":"<!-- This site is optimized with the Yoast SEO plugin v27.1.1 - https:\/\/yoast.com\/product\/yoast-seo-wordpress\/ -->\n<title>Pol\u00edtica de cookies | Rentamar<\/title>\n<meta name=\"robots\" content=\"index, follow, max-snippet:-1, max-image-preview:large, max-video-preview:-1\" \/>\n<link rel=\"canonical\" href=\"https:\/\/rentamarproperties.com\/ca\/politica-de-cookies\/\" \/>\n<meta property=\"og:locale\" content=\"ca_ES\" \/>\n<meta property=\"og:type\" content=\"article\" \/>\n<meta property=\"og:title\" content=\"Pol\u00edtica de cookies | Rentamar\" \/>\n<meta property=\"og:description\" content=\"[vc_row type=&#8221;full_width_background&#8221; full_screen_row_position=&#8221;middle&#8221; column_margin=&#8221;default&#8221; column_direction=&#8221;default&#8221; column_direction_tablet=&#8221;default&#8221; column_direction_phone=&#8221;default&#8221; scene_position=&#8221;center&#8221; text_color=&#8221;dark&#8221; text_align=&#8221;left&#8221; row_border_radius=&#8221;none&#8221; row_border_radius_applies=&#8221;bg&#8221; overflow=&#8221;visible&#8221; class=&#8221;MarginBottom&#8221; overlay_strength=&#8221;0.3&#8243; gradient_direction=&#8221;left_to_right&#8221; shape_divider_position=&#8221;bottom&#8221; bg_image_animation=&#8221;none&#8221; gradient_type=&#8221;default&#8221; shape_type=&#8221;&#8221;][vc_column column_padding=&#8221;no-extra-padding&#8221; column_padding_tablet=&#8221;inherit&#8221; column_padding_phone=&#8221;inherit&#8221; column_padding_position=&#8221;all&#8221; column_element_direction_desktop=&#8221;default&#8221; column_element_spacing=&#8221;default&#8221; desktop_text_alignment=&#8221;default&#8221; tablet_text_alignment=&#8221;default&#8221; phone_text_alignment=&#8221;default&#8221; background_color_opacity=&#8221;1&#8243;...\" \/>\n<meta property=\"og:url\" content=\"https:\/\/rentamarproperties.com\/ca\/politica-de-cookies\/\" \/>\n<meta property=\"og:site_name\" content=\"Rentamar\" \/>\n<meta property=\"article:modified_time\" content=\"2025-03-13T18:02:32+00:00\" \/>\n<meta property=\"og:image\" content=\"https:\/\/rentamarproperties.com\/wp-content\/uploads\/2025\/01\/00-Logo-Color.png\" \/>\n\t<meta property=\"og:image:width\" content=\"2784\" \/>\n\t<meta property=\"og:image:height\" content=\"800\" \/>\n\t<meta property=\"og:image:type\" content=\"image\/png\" \/>\n<meta name=\"twitter:card\" content=\"summary_large_image\" \/>\n<meta name=\"twitter:label1\" content=\"Temps estimat de lectura\" \/>\n\t<meta name=\"twitter:data1\" content=\"5 minuts\" \/>\n<script type=\"application\/ld+json\" class=\"yoast-schema-graph\">{\"@context\":\"https:\/\/schema.org\",\"@graph\":[{\"@type\":\"WebPage\",\"@id\":\"https:\/\/rentamarproperties.com\/ca\/politica-de-cookies\/\",\"url\":\"https:\/\/rentamarproperties.com\/ca\/politica-de-cookies\/\",\"name\":\"Pol\u00edtica de cookies | Rentamar\",\"isPartOf\":{\"@id\":\"https:\/\/rentamar.com\/#website\"},\"datePublished\":\"2025-02-25T09:52:41+00:00\",\"dateModified\":\"2025-03-13T18:02:32+00:00\",\"breadcrumb\":{\"@id\":\"https:\/\/rentamarproperties.com\/ca\/politica-de-cookies\/#breadcrumb\"},\"inLanguage\":\"ca\",\"potentialAction\":[{\"@type\":\"ReadAction\",\"target\":[\"https:\/\/rentamarproperties.com\/ca\/politica-de-cookies\/\"]}]},{\"@type\":\"BreadcrumbList\",\"@id\":\"https:\/\/rentamarproperties.com\/ca\/politica-de-cookies\/#breadcrumb\",\"itemListElement\":[{\"@type\":\"ListItem\",\"position\":1,\"name\":\"Home\",\"item\":\"https:\/\/rentamar.com\/ca\/\"},{\"@type\":\"ListItem\",\"position\":2,\"name\":\"Pol\u00edtica de cookies\"}]},{\"@type\":\"WebSite\",\"@id\":\"https:\/\/rentamar.com\/#website\",\"url\":\"https:\/\/rentamar.com\/\",\"name\":\"Rentamar\",\"description\":\"Rentamar promueve, construye y gestiona edificios exclusivos en ubicaciones prime.\",\"publisher\":{\"@id\":\"https:\/\/rentamar.com\/#organization\"},\"potentialAction\":[{\"@type\":\"SearchAction\",\"target\":{\"@type\":\"EntryPoint\",\"urlTemplate\":\"https:\/\/rentamar.com\/?s={search_term_string}\"},\"query-input\":{\"@type\":\"PropertyValueSpecification\",\"valueRequired\":true,\"valueName\":\"search_term_string\"}}],\"inLanguage\":\"ca\"},{\"@type\":\"Organization\",\"@id\":\"https:\/\/rentamar.com\/#organization\",\"name\":\"Rentamar\",\"url\":\"https:\/\/rentamar.com\/\",\"logo\":{\"@type\":\"ImageObject\",\"inLanguage\":\"ca\",\"@id\":\"https:\/\/rentamar.com\/#\/schema\/logo\/image\/\",\"url\":\"https:\/\/rentamarproperties.com\/wp-content\/uploads\/2025\/04\/Rentamar.png\",\"contentUrl\":\"https:\/\/rentamarproperties.com\/wp-content\/uploads\/2025\/04\/Rentamar.png\",\"width\":900,\"height\":900,\"caption\":\"Rentamar\"},\"image\":{\"@id\":\"https:\/\/rentamar.com\/#\/schema\/logo\/image\/\"},\"sameAs\":[\"https:\/\/www.linkedin.com\/company\/rentamar\/\"]}]}<\/script>\n<!-- \/ Yoast SEO plugin. -->","yoast_head_json":{"title":"Pol\u00edtica de cookies | Rentamar","robots":{"index":"index","follow":"follow","max-snippet":"max-snippet:-1","max-image-preview":"max-image-preview:large","max-video-preview":"max-video-preview:-1"},"canonical":"https:\/\/rentamarproperties.com\/ca\/politica-de-cookies\/","og_locale":"ca_ES","og_type":"article","og_title":"Pol\u00edtica de cookies | Rentamar","og_description":"[vc_row type=&#8221;full_width_background&#8221; full_screen_row_position=&#8221;middle&#8221; column_margin=&#8221;default&#8221; column_direction=&#8221;default&#8221; column_direction_tablet=&#8221;default&#8221; column_direction_phone=&#8221;default&#8221; scene_position=&#8221;center&#8221; text_color=&#8221;dark&#8221; text_align=&#8221;left&#8221; row_border_radius=&#8221;none&#8221; row_border_radius_applies=&#8221;bg&#8221; overflow=&#8221;visible&#8221; class=&#8221;MarginBottom&#8221; overlay_strength=&#8221;0.3&#8243; gradient_direction=&#8221;left_to_right&#8221; shape_divider_position=&#8221;bottom&#8221; bg_image_animation=&#8221;none&#8221; gradient_type=&#8221;default&#8221; shape_type=&#8221;&#8221;][vc_column column_padding=&#8221;no-extra-padding&#8221; column_padding_tablet=&#8221;inherit&#8221; column_padding_phone=&#8221;inherit&#8221; column_padding_position=&#8221;all&#8221; column_element_direction_desktop=&#8221;default&#8221; column_element_spacing=&#8221;default&#8221; desktop_text_alignment=&#8221;default&#8221; tablet_text_alignment=&#8221;default&#8221; phone_text_alignment=&#8221;default&#8221; background_color_opacity=&#8221;1&#8243;...","og_url":"https:\/\/rentamarproperties.com\/ca\/politica-de-cookies\/","og_site_name":"Rentamar","article_modified_time":"2025-03-13T18:02:32+00:00","og_image":[{"width":2784,"height":800,"url":"https:\/\/rentamarproperties.com\/wp-content\/uploads\/2025\/01\/00-Logo-Color.png","type":"image\/png"}],"twitter_card":"summary_large_image","twitter_misc":{"Temps estimat de lectura":"5 minuts"},"schema":{"@context":"https:\/\/schema.org","@graph":[{"@type":"WebPage","@id":"https:\/\/rentamarproperties.com\/ca\/politica-de-cookies\/","url":"https:\/\/rentamarproperties.com\/ca\/politica-de-cookies\/","name":"Pol\u00edtica de cookies | Rentamar","isPartOf":{"@id":"https:\/\/rentamar.com\/#website"},"datePublished":"2025-02-25T09:52:41+00:00","dateModified":"2025-03-13T18:02:32+00:00","breadcrumb":{"@id":"https:\/\/rentamarproperties.com\/ca\/politica-de-cookies\/#breadcrumb"},"inLanguage":"ca","potentialAction":[{"@type":"ReadAction","target":["https:\/\/rentamarproperties.com\/ca\/politica-de-cookies\/"]}]},{"@type":"BreadcrumbList","@id":"https:\/\/rentamarproperties.com\/ca\/politica-de-cookies\/#breadcrumb","itemListElement":[{"@type":"ListItem","position":1,"name":"Home","item":"https:\/\/rentamar.com\/ca\/"},{"@type":"ListItem","position":2,"name":"Pol\u00edtica de cookies"}]},{"@type":"WebSite","@id":"https:\/\/rentamar.com\/#website","url":"https:\/\/rentamar.com\/","name":"Rentamar","description":"Rentamar promueve, construye y gestiona edificios exclusivos en ubicaciones prime.","publisher":{"@id":"https:\/\/rentamar.com\/#organization"},"potentialAction":[{"@type":"SearchAction","target":{"@type":"EntryPoint","urlTemplate":"https:\/\/rentamar.com\/?s={search_term_string}"},"query-input":{"@type":"PropertyValueSpecification","valueRequired":true,"valueName":"search_term_string"}}],"inLanguage":"ca"},{"@type":"Organization","@id":"https:\/\/rentamar.com\/#organization","name":"Rentamar","url":"https:\/\/rentamar.com\/","logo":{"@type":"ImageObject","inLanguage":"ca","@id":"https:\/\/rentamar.com\/#\/schema\/logo\/image\/","url":"https:\/\/rentamarproperties.com\/wp-content\/uploads\/2025\/04\/Rentamar.png","contentUrl":"https:\/\/rentamarproperties.com\/wp-content\/uploads\/2025\/04\/Rentamar.png","width":900,"height":900,"caption":"Rentamar"},"image":{"@id":"https:\/\/rentamar.com\/#\/schema\/logo\/image\/"},"sameAs":["https:\/\/www.linkedin.com\/company\/rentamar\/"]}]}},"_links":{"self":[{"href":"https:\/\/rentamarproperties.com\/ca\/wp-json\/wp\/v2\/pages\/1818","targetHints":{"allow":["GET"]}}],"collection":[{"href":"https:\/\/rentamarproperties.com\/ca\/wp-json\/wp\/v2\/pages"}],"about":[{"href":"https:\/\/rentamarproperties.com\/ca\/wp-json\/wp\/v2\/types\/page"}],"author":[{"embeddable":true,"href":"https:\/\/rentamarproperties.com\/ca\/wp-json\/wp\/v2\/users\/1"}],"replies":[{"embeddable":true,"href":"https:\/\/rentamarproperties.com\/ca\/wp-json\/wp\/v2\/comments?post=1818"}],"version-history":[{"count":3,"href":"https:\/\/rentamarproperties.com\/ca\/wp-json\/wp\/v2\/pages\/1818\/revisions"}],"predecessor-version":[{"id":1822,"href":"https:\/\/rentamarproperties.com\/ca\/wp-json\/wp\/v2\/pages\/1818\/revisions\/1822"}],"wp:attachment":[{"href":"https:\/\/rentamarproperties.com\/ca\/wp-json\/wp\/v2\/media?parent=1818"}],"curies":[{"name":"wp","href":"https:\/\/api.w.org\/{rel}","templated":true}]}}