{"id":1813,"date":"2025-02-25T09:34:58","date_gmt":"2025-02-25T09:34:58","guid":{"rendered":"https:\/\/rentamarproperties.com\/legal-notice\/"},"modified":"2025-03-13T17:48:15","modified_gmt":"2025-03-13T17:48:15","slug":"avis-legal","status":"publish","type":"page","link":"https:\/\/rentamarproperties.com\/ca\/avis-legal\/","title":{"rendered":"Av\u00eds Legal"},"content":{"rendered":"[vc_row type=&#8221;full_width_background&#8221; full_screen_row_position=&#8221;middle&#8221; column_margin=&#8221;default&#8221; column_direction=&#8221;default&#8221; column_direction_tablet=&#8221;default&#8221; column_direction_phone=&#8221;default&#8221; scene_position=&#8221;center&#8221; text_color=&#8221;dark&#8221; text_align=&#8221;left&#8221; row_border_radius=&#8221;none&#8221; row_border_radius_applies=&#8221;bg&#8221; overflow=&#8221;visible&#8221; class=&#8221;MarginBottom&#8221; overlay_strength=&#8221;0.3&#8243; gradient_direction=&#8221;left_to_right&#8221; shape_divider_position=&#8221;bottom&#8221; bg_image_animation=&#8221;none&#8221; gradient_type=&#8221;default&#8221; shape_type=&#8221;&#8221;][vc_column column_padding=&#8221;no-extra-padding&#8221; column_padding_tablet=&#8221;inherit&#8221; column_padding_phone=&#8221;inherit&#8221; column_padding_position=&#8221;all&#8221; column_element_direction_desktop=&#8221;default&#8221; column_element_spacing=&#8221;default&#8221; desktop_text_alignment=&#8221;default&#8221; tablet_text_alignment=&#8221;default&#8221; phone_text_alignment=&#8221;default&#8221; background_color_opacity=&#8221;1&#8243; background_hover_color_opacity=&#8221;1&#8243; column_backdrop_filter=&#8221;none&#8221; column_shadow=&#8221;none&#8221; column_border_radius=&#8221;none&#8221; column_link_target=&#8221;_self&#8221; column_position=&#8221;default&#8221; gradient_direction=&#8221;left_to_right&#8221; overlay_strength=&#8221;0.3&#8243; width=&#8221;1\/1&#8243; tablet_width_inherit=&#8221;default&#8221; animation_type=&#8221;default&#8221; bg_image_animation=&#8221;none&#8221; border_type=&#8221;simple&#8221; column_border_width=&#8221;none&#8221; column_border_style=&#8221;solid&#8221;][vc_column_text css=&#8221;&#8221; text_direction=&#8221;default&#8221; el_class=&#8221;legales&#8221;]\n<h1>AV\u00cdS LEGAL<\/h1>\n<p>Aquest Av\u00eds Legal regula l&#8217;\u00fas de la p\u00e0gina, d&#8217;ara endavant el lloc web, propietat de <strong>RENTAMAR S.L<\/strong> amb n\u00famero de CIF <strong>B08359283<\/strong>, i domicili al <strong>Carrer Enten\u00e7a 332, 5\u00e8 4a; Barcelona \u2013 Espanya<\/strong> i amb Registre Mercantil de Barcelona.<\/p>\n<h2>1. \u00daS DEL LLOC WEB<\/h2>\n<p>L&#8217;usuari s&#8217;obliga a no utilitzar el lloc web per a la realitzaci\u00f3 d&#8217;activitats contr\u00e0ries a les lleis, a la moral, a l&#8217;ordre p\u00fablic i, en general, a fer un \u00fas conforme a les condicions establertes en aquest Av\u00eds Legal.<\/p>\n<p><strong>RENTAMAR<\/strong> actua exclusivament com a responsable del lloc web en la seva condici\u00f3 de prestador d&#8217;un servei d&#8217;informaci\u00f3 sobre els seus propis serveis, no fent-se responsable dels continguts que, en contravenci\u00f3 a aquest av\u00eds, els usuaris poguessin enviar o publicar, sent l&#8217;usuari l&#8217;\u00fanic responsable de la veracitat i licitud d&#8217;aquests.<\/p>\n<p><strong>RENTAMAR<\/strong> podr\u00e0 interrompre el servei del lloc web que estigui sent utilitzat per l&#8217;usuari i resoldre de manera immediata la relaci\u00f3 amb l&#8217;usuari si detecta un \u00fas de la P\u00e0gina o de qualsevol dels serveis que en aquest s&#8217;ofereixen que pugui considerar contrari a l&#8217;expressat en aquest Av\u00eds Legal.<\/p>\n<h2>2. PROPIETAT INTEL\u00b7LECTUAL I INDUSTRIAL<\/h2>\n<p>La totalitat d&#8217;aquest lloc web: text, imatges, marques, gr\u00e0fics, logotips, botons, arxius de programari, combinacions de colors, aix\u00ed com l&#8217;estructura, selecci\u00f3, ordenaci\u00f3 i presentaci\u00f3 dels seus continguts, es troba protegida per les lleis sobre Propietat Intel\u00b7lectual i Industrial, quedant prohibida la seva reproducci\u00f3, distribuci\u00f3, comunicaci\u00f3 p\u00fablica i transformaci\u00f3, excepte per a \u00fas personal i privat.<\/p>\n<p><strong>RENTAMAR<\/strong> no garanteix que els continguts siguin precisos o lliures d&#8217;error o que el lliure \u00fas d&#8217;aquests per l&#8217;usuari no infringeixi els drets de terceres parts. El bon o mal \u00fas d&#8217;aquesta web i dels seus continguts est\u00e0 sota la responsabilitat de l&#8217;usuari.<\/p>\n<p>Aix\u00ed mateix, queda prohibida la reproducci\u00f3, retransmissi\u00f3, c\u00f2pia, cessi\u00f3 o redifusi\u00f3, total o parcial, de la informaci\u00f3 continguda en el lloc web, qualsevol que fos la seva finalitat i el mitj\u00e0 utilitzat per a aix\u00f2, sense autoritzaci\u00f3 pr\u00e8via de <strong>RENTAMAR<\/strong>.<\/p>\n<h2>3. ENLLA\u00c7OS O LINKS<\/h2>\n<p>El lloc web pot incloure enlla\u00e7os o links a llocs de tercers. Les p\u00e0gines pertanyents a tercers no han estat revisades ni s\u00f3n objecte de controls per part de <strong>RENTAMAR<\/strong>, que no podr\u00e0 ser considerada responsable dels continguts d&#8217;aquests llocs web ni de les mesures que s&#8217;adoptin relatives a la seva privacitat o al tractament de les seves dades de car\u00e0cter personal.<\/p>\n<p><strong>RENTAMAR<\/strong> recomana la lectura detinguda de les condicions d&#8217;\u00fas i la pol\u00edtica de privacitat d&#8217;aquests llocs.<\/p>\n<p>En cas d&#8217;estar interessat a activar un enlla\u00e7 a alguna de les p\u00e0gines de <strong>RENTAMAR<\/strong>, haur\u00e0 de comunicar-ho, obtenint el consentiment expr\u00e9s per crear l&#8217;enlla\u00e7. <strong>RENTAMAR<\/strong> es reserva el dret d&#8217;oposici\u00f3 a l&#8217;activaci\u00f3 d&#8217;enlla\u00e7os amb el seu lloc web.<\/p>\n<h2>4. MENORS D&#8217;EDAT<\/h2>\n<p><strong>RENTAMAR<\/strong> recorda als usuaris majors d&#8217;edat, que tinguin al seu c\u00e0rrec menors, que ser\u00e0 de la seva exclusiva responsabilitat determinar quins serveis i\/o continguts s\u00f3n no apropiats per a l&#8217;edat d&#8217;aquests \u00faltims.<\/p>\n<p><strong>RENTAMAR<\/strong> els informa que existeixen programes inform\u00e0tics que permeten filtrar i bloquejar l&#8217;acc\u00e9s a determinats continguts i serveis, de tal forma que es pugui decidir quins s\u00f3n els continguts i serveis d&#8217;Internet als quals els menors poden tenir acc\u00e9s i a quins no.<\/p>\n<h2>5. RESPONSABILITATS<\/h2>\n<p><strong>RENTAMAR<\/strong> no ser\u00e0 responsable directa ni subsidi\u00e0riament de:<\/p>\n<ul>\n<li>La qualitat del servei, la velocitat d&#8217;acc\u00e9s, el correcte funcionament ni la disponibilitat ni continu\u00eftat de funcionament del lloc web.<\/li>\n<li>Els danys que puguin causar-se en els equips de l&#8217;usuari per la utilitzaci\u00f3 del lloc web.<\/li>\n<li>Els casos en qu\u00e8 un tercer, violant les mesures de seguretat establertes, accedeixi als missatges o els utilitzi per a la remissi\u00f3 de virus inform\u00e0tics.<\/li>\n<li>Els vicis i defectes de tota classe dels continguts transmesos, difosos, emmagatzemats o posats a disposici\u00f3.<\/li>\n<li>La licitud, fiabilitat i utilitat dels continguts que els usuaris transmetin amb la utilitzaci\u00f3 de la p\u00e0gina o dels serveis en ell oferts, aix\u00ed com tampoc la seva veracitat o exactitud.<\/li>\n<\/ul>\n<p><strong>RENTAMAR<\/strong> no controla la utilitzaci\u00f3 que els usuaris fan del lloc web, ni garanteix que ho facin conforme a l&#8217;establert en aquest Av\u00eds Legal.<\/p>\n<p>A t\u00edtol enunciatiu i amb car\u00e0cter no limitatiu, l&#8217;usuari ser\u00e0 responsable de:<\/p>\n<ul>\n<li>Dels continguts introdu\u00efts per ells, especialment de les dades i informacions introdu\u00efdes i enviades a <strong>RENTAMAR<\/strong> per mitj\u00e0 del lloc web.<\/li>\n<li>De la realitzaci\u00f3 de qualsevol tipus d&#8217;actuaci\u00f3 il\u00b7l\u00edcita, lesiva de drets, nociva i\/o perjudicial.<\/li>\n<li>De la facilitaci\u00f3 de dades no veraces o incorrectes.<\/li>\n<\/ul>\n<h2>6. FUR<\/h2>\n<p>Aquest Av\u00eds Legal es troba redactat en catal\u00e0 i sotm\u00e8s a la legislaci\u00f3 espanyola vigent. Per a qualsevol tipus de controv\u00e8rsia derivada de la utilitzaci\u00f3 dels serveis oferts o dels continguts propis del lloc web, les parts, amb l&#8217;acceptaci\u00f3 del clausulat establert en aquest Av\u00eds Legal, se sotmetran als Tribunals i Jutjats competents de <strong>Barcelona<\/strong>.<\/p>\n[\/vc_column_text][\/vc_column][\/vc_row]\n","protected":false},"excerpt":{"rendered":"<p>[vc_row type=&#8221;full_width_background&#8221; full_screen_row_position=&#8221;middle&#8221; column_margin=&#8221;default&#8221; column_direction=&#8221;default&#8221; column_direction_tablet=&#8221;default&#8221; column_direction_phone=&#8221;default&#8221; scene_position=&#8221;center&#8221; text_color=&#8221;dark&#8221; text_align=&#8221;left&#8221; row_border_radius=&#8221;none&#8221; row_border_radius_applies=&#8221;bg&#8221; overflow=&#8221;visible&#8221; class=&#8221;MarginBottom&#8221; overlay_strength=&#8221;0.3&#8243; gradient_direction=&#8221;left_to_right&#8221; shape_divider_position=&#8221;bottom&#8221; bg_image_animation=&#8221;none&#8221; gradient_type=&#8221;default&#8221; shape_type=&#8221;&#8221;][vc_column column_padding=&#8221;no-extra-padding&#8221; column_padding_tablet=&#8221;inherit&#8221; column_padding_phone=&#8221;inherit&#8221; column_padding_position=&#8221;all&#8221; column_element_direction_desktop=&#8221;default&#8221; column_element_spacing=&#8221;default&#8221; desktop_text_alignment=&#8221;default&#8221; tablet_text_alignment=&#8221;default&#8221; phone_text_alignment=&#8221;default&#8221; background_color_opacity=&#8221;1&#8243;&#8230;<\/p>\n","protected":false},"author":1,"featured_media":0,"parent":0,"menu_order":0,"comment_status":"closed","ping_status":"open","template":"page-sidebar.php","meta":{"_acf_changed":false,"inline_featured_image":false,"footnotes":""},"class_list":["post-1813","page","type-page","status-publish"],"acf":[],"yoast_head":"<!-- This site is optimized with the Yoast SEO plugin v27.1.1 - https:\/\/yoast.com\/product\/yoast-seo-wordpress\/ -->\n<title>Av\u00eds Legal | Rentamar<\/title>\n<meta name=\"robots\" content=\"index, follow, max-snippet:-1, max-image-preview:large, max-video-preview:-1\" \/>\n<link rel=\"canonical\" href=\"https:\/\/rentamarproperties.com\/ca\/avis-legal\/\" \/>\n<meta property=\"og:locale\" content=\"ca_ES\" \/>\n<meta property=\"og:type\" content=\"article\" \/>\n<meta property=\"og:title\" content=\"Av\u00eds Legal | Rentamar\" \/>\n<meta property=\"og:description\" content=\"[vc_row type=&#8221;full_width_background&#8221; full_screen_row_position=&#8221;middle&#8221; column_margin=&#8221;default&#8221; column_direction=&#8221;default&#8221; column_direction_tablet=&#8221;default&#8221; column_direction_phone=&#8221;default&#8221; scene_position=&#8221;center&#8221; text_color=&#8221;dark&#8221; text_align=&#8221;left&#8221; row_border_radius=&#8221;none&#8221; row_border_radius_applies=&#8221;bg&#8221; overflow=&#8221;visible&#8221; class=&#8221;MarginBottom&#8221; overlay_strength=&#8221;0.3&#8243; gradient_direction=&#8221;left_to_right&#8221; shape_divider_position=&#8221;bottom&#8221; bg_image_animation=&#8221;none&#8221; gradient_type=&#8221;default&#8221; shape_type=&#8221;&#8221;][vc_column column_padding=&#8221;no-extra-padding&#8221; column_padding_tablet=&#8221;inherit&#8221; column_padding_phone=&#8221;inherit&#8221; column_padding_position=&#8221;all&#8221; column_element_direction_desktop=&#8221;default&#8221; column_element_spacing=&#8221;default&#8221; desktop_text_alignment=&#8221;default&#8221; tablet_text_alignment=&#8221;default&#8221; phone_text_alignment=&#8221;default&#8221; background_color_opacity=&#8221;1&#8243;...\" \/>\n<meta property=\"og:url\" content=\"https:\/\/rentamarproperties.com\/ca\/avis-legal\/\" \/>\n<meta property=\"og:site_name\" content=\"Rentamar\" \/>\n<meta property=\"article:modified_time\" content=\"2025-03-13T17:48:15+00:00\" \/>\n<meta property=\"og:image\" content=\"https:\/\/rentamarproperties.com\/wp-content\/uploads\/2025\/01\/00-Logo-Color.png\" \/>\n\t<meta property=\"og:image:width\" content=\"2784\" \/>\n\t<meta property=\"og:image:height\" content=\"800\" \/>\n\t<meta property=\"og:image:type\" content=\"image\/png\" \/>\n<meta name=\"twitter:card\" content=\"summary_large_image\" \/>\n<meta name=\"twitter:label1\" content=\"Temps estimat de lectura\" \/>\n\t<meta name=\"twitter:data1\" content=\"5 minuts\" \/>\n<script type=\"application\/ld+json\" class=\"yoast-schema-graph\">{\"@context\":\"https:\/\/schema.org\",\"@graph\":[{\"@type\":\"WebPage\",\"@id\":\"https:\/\/rentamarproperties.com\/ca\/avis-legal\/\",\"url\":\"https:\/\/rentamarproperties.com\/ca\/avis-legal\/\",\"name\":\"Av\u00eds Legal | Rentamar\",\"isPartOf\":{\"@id\":\"https:\/\/rentamar.com\/#website\"},\"datePublished\":\"2025-02-25T09:34:58+00:00\",\"dateModified\":\"2025-03-13T17:48:15+00:00\",\"breadcrumb\":{\"@id\":\"https:\/\/rentamarproperties.com\/ca\/avis-legal\/#breadcrumb\"},\"inLanguage\":\"ca\",\"potentialAction\":[{\"@type\":\"ReadAction\",\"target\":[\"https:\/\/rentamarproperties.com\/ca\/avis-legal\/\"]}]},{\"@type\":\"BreadcrumbList\",\"@id\":\"https:\/\/rentamarproperties.com\/ca\/avis-legal\/#breadcrumb\",\"itemListElement\":[{\"@type\":\"ListItem\",\"position\":1,\"name\":\"Home\",\"item\":\"https:\/\/rentamar.com\/ca\/\"},{\"@type\":\"ListItem\",\"position\":2,\"name\":\"Av\u00eds Legal\"}]},{\"@type\":\"WebSite\",\"@id\":\"https:\/\/rentamar.com\/#website\",\"url\":\"https:\/\/rentamar.com\/\",\"name\":\"Rentamar\",\"description\":\"Rentamar promueve, construye y gestiona edificios exclusivos en ubicaciones prime.\",\"publisher\":{\"@id\":\"https:\/\/rentamar.com\/#organization\"},\"potentialAction\":[{\"@type\":\"SearchAction\",\"target\":{\"@type\":\"EntryPoint\",\"urlTemplate\":\"https:\/\/rentamar.com\/?s={search_term_string}\"},\"query-input\":{\"@type\":\"PropertyValueSpecification\",\"valueRequired\":true,\"valueName\":\"search_term_string\"}}],\"inLanguage\":\"ca\"},{\"@type\":\"Organization\",\"@id\":\"https:\/\/rentamar.com\/#organization\",\"name\":\"Rentamar\",\"url\":\"https:\/\/rentamar.com\/\",\"logo\":{\"@type\":\"ImageObject\",\"inLanguage\":\"ca\",\"@id\":\"https:\/\/rentamar.com\/#\/schema\/logo\/image\/\",\"url\":\"https:\/\/rentamarproperties.com\/wp-content\/uploads\/2025\/04\/Rentamar.png\",\"contentUrl\":\"https:\/\/rentamarproperties.com\/wp-content\/uploads\/2025\/04\/Rentamar.png\",\"width\":900,\"height\":900,\"caption\":\"Rentamar\"},\"image\":{\"@id\":\"https:\/\/rentamar.com\/#\/schema\/logo\/image\/\"},\"sameAs\":[\"https:\/\/www.linkedin.com\/company\/rentamar\/\"]}]}<\/script>\n<!-- \/ Yoast SEO plugin. -->","yoast_head_json":{"title":"Av\u00eds Legal | Rentamar","robots":{"index":"index","follow":"follow","max-snippet":"max-snippet:-1","max-image-preview":"max-image-preview:large","max-video-preview":"max-video-preview:-1"},"canonical":"https:\/\/rentamarproperties.com\/ca\/avis-legal\/","og_locale":"ca_ES","og_type":"article","og_title":"Av\u00eds Legal | Rentamar","og_description":"[vc_row type=&#8221;full_width_background&#8221; full_screen_row_position=&#8221;middle&#8221; column_margin=&#8221;default&#8221; column_direction=&#8221;default&#8221; column_direction_tablet=&#8221;default&#8221; column_direction_phone=&#8221;default&#8221; scene_position=&#8221;center&#8221; text_color=&#8221;dark&#8221; text_align=&#8221;left&#8221; row_border_radius=&#8221;none&#8221; row_border_radius_applies=&#8221;bg&#8221; overflow=&#8221;visible&#8221; class=&#8221;MarginBottom&#8221; overlay_strength=&#8221;0.3&#8243; gradient_direction=&#8221;left_to_right&#8221; shape_divider_position=&#8221;bottom&#8221; bg_image_animation=&#8221;none&#8221; gradient_type=&#8221;default&#8221; shape_type=&#8221;&#8221;][vc_column column_padding=&#8221;no-extra-padding&#8221; column_padding_tablet=&#8221;inherit&#8221; column_padding_phone=&#8221;inherit&#8221; column_padding_position=&#8221;all&#8221; column_element_direction_desktop=&#8221;default&#8221; column_element_spacing=&#8221;default&#8221; desktop_text_alignment=&#8221;default&#8221; tablet_text_alignment=&#8221;default&#8221; phone_text_alignment=&#8221;default&#8221; background_color_opacity=&#8221;1&#8243;...","og_url":"https:\/\/rentamarproperties.com\/ca\/avis-legal\/","og_site_name":"Rentamar","article_modified_time":"2025-03-13T17:48:15+00:00","og_image":[{"width":2784,"height":800,"url":"https:\/\/rentamarproperties.com\/wp-content\/uploads\/2025\/01\/00-Logo-Color.png","type":"image\/png"}],"twitter_card":"summary_large_image","twitter_misc":{"Temps estimat de lectura":"5 minuts"},"schema":{"@context":"https:\/\/schema.org","@graph":[{"@type":"WebPage","@id":"https:\/\/rentamarproperties.com\/ca\/avis-legal\/","url":"https:\/\/rentamarproperties.com\/ca\/avis-legal\/","name":"Av\u00eds Legal | Rentamar","isPartOf":{"@id":"https:\/\/rentamar.com\/#website"},"datePublished":"2025-02-25T09:34:58+00:00","dateModified":"2025-03-13T17:48:15+00:00","breadcrumb":{"@id":"https:\/\/rentamarproperties.com\/ca\/avis-legal\/#breadcrumb"},"inLanguage":"ca","potentialAction":[{"@type":"ReadAction","target":["https:\/\/rentamarproperties.com\/ca\/avis-legal\/"]}]},{"@type":"BreadcrumbList","@id":"https:\/\/rentamarproperties.com\/ca\/avis-legal\/#breadcrumb","itemListElement":[{"@type":"ListItem","position":1,"name":"Home","item":"https:\/\/rentamar.com\/ca\/"},{"@type":"ListItem","position":2,"name":"Av\u00eds Legal"}]},{"@type":"WebSite","@id":"https:\/\/rentamar.com\/#website","url":"https:\/\/rentamar.com\/","name":"Rentamar","description":"Rentamar promueve, construye y gestiona edificios exclusivos en ubicaciones prime.","publisher":{"@id":"https:\/\/rentamar.com\/#organization"},"potentialAction":[{"@type":"SearchAction","target":{"@type":"EntryPoint","urlTemplate":"https:\/\/rentamar.com\/?s={search_term_string}"},"query-input":{"@type":"PropertyValueSpecification","valueRequired":true,"valueName":"search_term_string"}}],"inLanguage":"ca"},{"@type":"Organization","@id":"https:\/\/rentamar.com\/#organization","name":"Rentamar","url":"https:\/\/rentamar.com\/","logo":{"@type":"ImageObject","inLanguage":"ca","@id":"https:\/\/rentamar.com\/#\/schema\/logo\/image\/","url":"https:\/\/rentamarproperties.com\/wp-content\/uploads\/2025\/04\/Rentamar.png","contentUrl":"https:\/\/rentamarproperties.com\/wp-content\/uploads\/2025\/04\/Rentamar.png","width":900,"height":900,"caption":"Rentamar"},"image":{"@id":"https:\/\/rentamar.com\/#\/schema\/logo\/image\/"},"sameAs":["https:\/\/www.linkedin.com\/company\/rentamar\/"]}]}},"_links":{"self":[{"href":"https:\/\/rentamarproperties.com\/ca\/wp-json\/wp\/v2\/pages\/1813","targetHints":{"allow":["GET"]}}],"collection":[{"href":"https:\/\/rentamarproperties.com\/ca\/wp-json\/wp\/v2\/pages"}],"about":[{"href":"https:\/\/rentamarproperties.com\/ca\/wp-json\/wp\/v2\/types\/page"}],"author":[{"embeddable":true,"href":"https:\/\/rentamarproperties.com\/ca\/wp-json\/wp\/v2\/users\/1"}],"replies":[{"embeddable":true,"href":"https:\/\/rentamarproperties.com\/ca\/wp-json\/wp\/v2\/comments?post=1813"}],"version-history":[{"count":3,"href":"https:\/\/rentamarproperties.com\/ca\/wp-json\/wp\/v2\/pages\/1813\/revisions"}],"predecessor-version":[{"id":1817,"href":"https:\/\/rentamarproperties.com\/ca\/wp-json\/wp\/v2\/pages\/1813\/revisions\/1817"}],"wp:attachment":[{"href":"https:\/\/rentamarproperties.com\/ca\/wp-json\/wp\/v2\/media?parent=1813"}],"curies":[{"name":"wp","href":"https:\/\/api.w.org\/{rel}","templated":true}]}}