{"id":1807,"date":"2025-01-28T16:10:34","date_gmt":"2025-01-28T16:10:34","guid":{"rendered":"https:\/\/rentamarproperties.com\/privacy-policy\/"},"modified":"2025-03-13T18:04:29","modified_gmt":"2025-03-13T18:04:29","slug":"privacy-policy","status":"publish","type":"page","link":"https:\/\/rentamarproperties.com\/ca\/privacy-policy\/","title":{"rendered":"Pol\u00edtica de Privacitat"},"content":{"rendered":"[vc_row type=&#8221;full_width_background&#8221; full_screen_row_position=&#8221;middle&#8221; column_margin=&#8221;default&#8221; column_direction=&#8221;default&#8221; column_direction_tablet=&#8221;default&#8221; column_direction_phone=&#8221;default&#8221; scene_position=&#8221;center&#8221; text_color=&#8221;dark&#8221; text_align=&#8221;left&#8221; row_border_radius=&#8221;none&#8221; row_border_radius_applies=&#8221;bg&#8221; overflow=&#8221;visible&#8221; class=&#8221;MarginBottom&#8221; overlay_strength=&#8221;0.3&#8243; gradient_direction=&#8221;left_to_right&#8221; shape_divider_position=&#8221;bottom&#8221; bg_image_animation=&#8221;none&#8221; gradient_type=&#8221;default&#8221; shape_type=&#8221;&#8221;][vc_column column_padding=&#8221;no-extra-padding&#8221; column_padding_tablet=&#8221;inherit&#8221; column_padding_phone=&#8221;inherit&#8221; column_padding_position=&#8221;all&#8221; column_element_direction_desktop=&#8221;default&#8221; column_element_spacing=&#8221;default&#8221; desktop_text_alignment=&#8221;default&#8221; tablet_text_alignment=&#8221;default&#8221; phone_text_alignment=&#8221;default&#8221; background_color_opacity=&#8221;1&#8243; background_hover_color_opacity=&#8221;1&#8243; column_backdrop_filter=&#8221;none&#8221; column_shadow=&#8221;none&#8221; column_border_radius=&#8221;none&#8221; column_link_target=&#8221;_self&#8221; column_position=&#8221;default&#8221; gradient_direction=&#8221;left_to_right&#8221; overlay_strength=&#8221;0.3&#8243; width=&#8221;1\/1&#8243; tablet_width_inherit=&#8221;default&#8221; animation_type=&#8221;default&#8221; bg_image_animation=&#8221;none&#8221; border_type=&#8221;simple&#8221; column_border_width=&#8221;none&#8221; column_border_style=&#8221;solid&#8221;][vc_column_text css=&#8221;&#8221; text_direction=&#8221;default&#8221; el_class=&#8221;legales&#8221;]\n<h1>POL\u00cdTICA DE PRIVACITAT<\/h1>\n<p><strong>RENTAMAR S.L.<\/strong>, d&#8217;ara endavant <strong>RENTAMAR<\/strong>, d&#8217;acord amb la legislaci\u00f3 vigent en mat\u00e8ria de Protecci\u00f3 de Dades de Car\u00e0cter Personal, posa en coneixement dels usuaris del lloc web <a href=\"https:\/\/rentamarproperties.com\/\">https:\/\/rentamarproperties.com\/<\/a> (d&#8217;ara endavant, la P\u00e0gina) la Pol\u00edtica de Privacitat i Protecci\u00f3 de Dades que aplicar\u00e0 en el tractament de les dades personals que l&#8217;Usuari faciliti volunt\u00e0riament en accedir al seu web.<\/p>\n<p>L&#8217;Usuari, en proporcionar a <strong>RENTAMAR<\/strong> les seves dades de car\u00e0cter personal a trav\u00e9s dels formularis electr\u00f2nics del Web, apartat de contacte i, si escau, a trav\u00e9s de la marcaci\u00f3 de la corresponent casella d&#8217;acceptaci\u00f3, consent expressament que <strong>RENTAMAR<\/strong> pugui tractar aquestes dades, en els termes d&#8217;aquesta cl\u00e0usula de Pol\u00edtica de Privacitat i Protecci\u00f3 de Dades i per a les finalitats aqu\u00ed expressades.<\/p>\n<p><strong>RENTAMAR<\/strong> posa en coneixement dels usuaris de la P\u00e0gina, que les seves dades de car\u00e0cter personal nom\u00e9s podran obtenir-se per al seu tractament quan siguin adequades, pertinents i no excessives en relaci\u00f3 amb l&#8217;\u00e0mbit i les finalitats determinades, expl\u00edcites i leg\u00edtimes per a les quals s&#8217;hagin obtingut. Seran cancel\u00b7lades quan hagin deixat de ser necess\u00e0ries o pertinents per a aquesta finalitat o quan ho sol\u00b7liciti el titular en l&#8217;exercici del seu dret de supressi\u00f3.<\/p>\n<p><strong>RENTAMAR<\/strong> manifesta el seu comprom\u00eds de complir amb la legislaci\u00f3 vigent en cada moment en mat\u00e8ria de protecci\u00f3 de dades. Les dades personals facilitades seran tractades per <strong>RENTAMAR<\/strong> i s&#8217;utilitzaran d&#8217;acord amb la seg\u00fcent informaci\u00f3.<\/p>\n<h2>Quines dades de car\u00e0cter personal recaptem i per a qu\u00e8 les utilitzem?<\/h2>\n<ul>\n<li><strong>Dades recaptades de manera directa:<\/strong> per l&#8217;emplenament voluntari del formulari de contacte o l&#8217;enviament de correus electr\u00f2nics.<\/li>\n<li><strong>Dades recaptades de manera indirecta mitjan\u00e7ant l&#8217;\u00fas de cookies:<\/strong> per a estad\u00edstiques, per analitzar l&#8217;\u00fas que es realitza de la nostra P\u00e0gina i facilitar serveis de valor afegit com el mapa d&#8217;ubicaci\u00f3 de les nostres oficines i promocions.<\/li>\n<\/ul>\n<p>A la taula que li mostrem a continuaci\u00f3 trobar\u00e0 informaci\u00f3 m\u00e9s detallada sobre el tractament de les seves dades de car\u00e0cter personal, incloent-se els seg\u00fcents ep\u00edgrafs:<\/p>\n<ul>\n<li><strong>Finalitats principals:<\/strong> S&#8217;identifica amb quina finalitat necessitem recollir les seves dades, \u00e9s a dir, per qu\u00e8 tractem la seva informaci\u00f3.<\/li>\n<li><strong>Legitimaci\u00f3:<\/strong> Es detalla el motiu que ens habilita per poder tractar les seves dades.<\/li>\n<li><strong>Terminis de conservaci\u00f3:<\/strong> S&#8217;identifica el termini concret de conservaci\u00f3 o els criteris que determinen aquest per\u00edode.<\/li>\n<li><strong>Destinataris:<\/strong> Identifiquem, si escau, amb qui compartirem les seves dades de forma leg\u00edtima.<\/li>\n<li><strong>Drets dels interessats:<\/strong> L&#8217;informem sobre els drets que l&#8217;assisteixen com a interessat en el tractament de les seves dades de car\u00e0cter personal.<\/li>\n<\/ul>\n<h2>INFORMACI\u00d3 SOBRE PROTECCI\u00d3 DE DADES DE CAR\u00c0CTER PERSONAL<\/h2>\n<ul>\n<li><strong>Responsable del tractament:<\/strong> RENTAMAR, S.L (RENTAMAR)<\/li>\n<li><strong>CIF:<\/strong> B08359283<\/li>\n<li><strong>Domicili:<\/strong> Carrer Enten\u00e7a 332, 5\u00e8 4a, Barcelona, Espanya<\/li>\n<li><strong>Tel\u00e8fon:<\/strong> 933 213 028<\/li>\n<li><strong>Email:<\/strong> <a href=\"mailto:rentamar@rentamarproperties.com\">rentamar@rentamarproperties.com<\/a><\/li>\n<\/ul>\n<h2>Finalitats<\/h2>\n<ul>\n<li><strong>Formulari Contacte:<\/strong> atendre la sol\u00b7licitud d&#8217;informaci\u00f3 demandada a trav\u00e9s del formulari de contacte.<\/li>\n<li><strong>Cookies:<\/strong> proporcionar estad\u00edstiques associades a l&#8217;\u00fas de la p\u00e0gina, ubicaci\u00f3 de les nostres oficines i promocions.<\/li>\n<\/ul>\n<h2>Legitimaci\u00f3 i conservaci\u00f3<\/h2>\n<p>La base per al tractament de les dades \u00e9s el consentiment prestat per l&#8217;usuari en marcar la casella d&#8217;acceptaci\u00f3.<\/p>\n<ul>\n<li>Els camps del formulari de contacte marcats amb un asterisc (*) tenen la consideraci\u00f3 de camps necessaris per gestionar l&#8217;objecte d&#8217;aquest. Si no es faciliten, no ser\u00e0 possible atendre la seva sol\u00b7licitud.<\/li>\n<li>Consulteu la nostra <a href=\"https:\/\/rentamarproperties.com\/ca\/politica-de-cookies\/\">Pol\u00edtica de Cookies<\/a> per obtenir informaci\u00f3 sobre les cookies necess\u00e0ries per al funcionament del web.<\/li>\n<li>Les dades de contacte es conservaran durant el temps necessari per atendre la seva consulta i no se sol\u00b7liciti la seva supressi\u00f3.<\/li>\n<\/ul>\n<p>Consulteu la nostra <a href=\"https:\/\/rentamarproperties.com\/ca\/politica-de-cookies\/\">Pol\u00edtica de Cookies<\/a> per identificar la vig\u00e8ncia de cada cookie.<\/p>\n<h2>Destinataris de cessions i transfer\u00e8ncies internacionals<\/h2>\n<p>No s&#8217;han previst cedir les dades recaptades a trav\u00e9s de la nostra p\u00e0gina web.<\/p>\n<h2>Drets dels interessats<\/h2>\n<ul>\n<li>Pot exercitar els seus drets d&#8217;acc\u00e9s, rectificaci\u00f3, supressi\u00f3, portabilitat, limitaci\u00f3 o oposici\u00f3 dirigint-se per escrit a l&#8217;adre\u00e7a indicada anteriorment.<\/li>\n<li>Els interessats tenen dret a retirar el consentiment prestat.<\/li>\n<li>Els interessats tenen dret a reclamar davant l&#8217;Autoritat de Control (<a href=\"https:\/\/www.aepd.es\">Ag\u00e8ncia Espanyola de Protecci\u00f3 de Dades<\/a>).<\/li>\n<\/ul>\n<p>L&#8217;usuari ser\u00e0 l&#8217;\u00fanic responsable de la veracitat de les dades facilitades a <strong>RENTAMAR<\/strong>. L&#8217;empresa adopta les mesures d&#8217;\u00edndole t\u00e8cnica i organitzativa necess\u00e0ries per garantir la seguretat de les dades de car\u00e0cter personal contingudes en aquests i per evitar la seva alteraci\u00f3, p\u00e8rdua, tractament o acc\u00e9s no autoritzat, tenint en compte l&#8217;estat de la tecnologia, la naturalesa de les dades i els riscos als quals estan exposats.<\/p>\n<p>Qualsevol canvi realitzat en la Pol\u00edtica de Privacitat i en les pr\u00e0ctiques d&#8217;administraci\u00f3 de la informaci\u00f3 es reflectir\u00e0 de forma oportuna, podent <strong>RENTAMAR<\/strong> agregar, modificar o eliminar aquesta pol\u00edtica de privacitat quan ho estimi necessari.<\/p>\n<p>En cap cas <strong>RENTAMAR<\/strong> modificar\u00e0 les pol\u00edtiques ni pr\u00e0ctiques per fer-les menys eficaces en la protecci\u00f3 de les dades personals dels nostres clients emmagatzemades anteriorment, sense el consentiment previ dels clients afectats.[\/vc_column_text][\/vc_column][\/vc_row]\n","protected":false},"excerpt":{"rendered":"<p>[vc_row type=&#8221;full_width_background&#8221; full_screen_row_position=&#8221;middle&#8221; column_margin=&#8221;default&#8221; column_direction=&#8221;default&#8221; column_direction_tablet=&#8221;default&#8221; column_direction_phone=&#8221;default&#8221; scene_position=&#8221;center&#8221; text_color=&#8221;dark&#8221; text_align=&#8221;left&#8221; row_border_radius=&#8221;none&#8221; row_border_radius_applies=&#8221;bg&#8221; overflow=&#8221;visible&#8221; class=&#8221;MarginBottom&#8221; overlay_strength=&#8221;0.3&#8243; gradient_direction=&#8221;left_to_right&#8221; shape_divider_position=&#8221;bottom&#8221; bg_image_animation=&#8221;none&#8221; gradient_type=&#8221;default&#8221; shape_type=&#8221;&#8221;][vc_column column_padding=&#8221;no-extra-padding&#8221; column_padding_tablet=&#8221;inherit&#8221; column_padding_phone=&#8221;inherit&#8221; column_padding_position=&#8221;all&#8221; column_element_direction_desktop=&#8221;default&#8221; column_element_spacing=&#8221;default&#8221; desktop_text_alignment=&#8221;default&#8221; tablet_text_alignment=&#8221;default&#8221; phone_text_alignment=&#8221;default&#8221; background_color_opacity=&#8221;1&#8243;&#8230;<\/p>\n","protected":false},"author":1,"featured_media":0,"parent":0,"menu_order":0,"comment_status":"closed","ping_status":"open","template":"page-sidebar.php","meta":{"_acf_changed":false,"inline_featured_image":false,"footnotes":""},"class_list":["post-1807","page","type-page","status-publish"],"acf":[],"yoast_head":"<!-- This site is optimized with the Yoast SEO plugin v27.1.1 - https:\/\/yoast.com\/product\/yoast-seo-wordpress\/ -->\n<title>Pol\u00edtica de Privacitat | Rentamar<\/title>\n<meta name=\"robots\" content=\"index, follow, max-snippet:-1, max-image-preview:large, max-video-preview:-1\" \/>\n<link rel=\"canonical\" href=\"https:\/\/rentamarproperties.com\/ca\/privacy-policy\/\" \/>\n<meta property=\"og:locale\" content=\"ca_ES\" \/>\n<meta property=\"og:type\" content=\"article\" \/>\n<meta property=\"og:title\" content=\"Pol\u00edtica de Privacitat | Rentamar\" \/>\n<meta property=\"og:description\" content=\"[vc_row type=&#8221;full_width_background&#8221; full_screen_row_position=&#8221;middle&#8221; column_margin=&#8221;default&#8221; column_direction=&#8221;default&#8221; column_direction_tablet=&#8221;default&#8221; column_direction_phone=&#8221;default&#8221; scene_position=&#8221;center&#8221; text_color=&#8221;dark&#8221; text_align=&#8221;left&#8221; row_border_radius=&#8221;none&#8221; row_border_radius_applies=&#8221;bg&#8221; overflow=&#8221;visible&#8221; class=&#8221;MarginBottom&#8221; overlay_strength=&#8221;0.3&#8243; gradient_direction=&#8221;left_to_right&#8221; shape_divider_position=&#8221;bottom&#8221; bg_image_animation=&#8221;none&#8221; gradient_type=&#8221;default&#8221; shape_type=&#8221;&#8221;][vc_column column_padding=&#8221;no-extra-padding&#8221; column_padding_tablet=&#8221;inherit&#8221; column_padding_phone=&#8221;inherit&#8221; column_padding_position=&#8221;all&#8221; column_element_direction_desktop=&#8221;default&#8221; column_element_spacing=&#8221;default&#8221; desktop_text_alignment=&#8221;default&#8221; tablet_text_alignment=&#8221;default&#8221; phone_text_alignment=&#8221;default&#8221; background_color_opacity=&#8221;1&#8243;...\" \/>\n<meta property=\"og:url\" content=\"https:\/\/rentamarproperties.com\/ca\/privacy-policy\/\" \/>\n<meta property=\"og:site_name\" content=\"Rentamar\" \/>\n<meta property=\"article:modified_time\" content=\"2025-03-13T18:04:29+00:00\" \/>\n<meta property=\"og:image\" content=\"https:\/\/rentamarproperties.com\/wp-content\/uploads\/2025\/01\/00-Logo-Color.png\" \/>\n\t<meta property=\"og:image:width\" content=\"2784\" \/>\n\t<meta property=\"og:image:height\" content=\"800\" \/>\n\t<meta property=\"og:image:type\" content=\"image\/png\" \/>\n<meta name=\"twitter:card\" content=\"summary_large_image\" \/>\n<meta name=\"twitter:label1\" content=\"Temps estimat de lectura\" \/>\n\t<meta name=\"twitter:data1\" content=\"5 minuts\" \/>\n<script type=\"application\/ld+json\" class=\"yoast-schema-graph\">{\"@context\":\"https:\/\/schema.org\",\"@graph\":[{\"@type\":\"WebPage\",\"@id\":\"https:\/\/rentamarproperties.com\/ca\/privacy-policy\/\",\"url\":\"https:\/\/rentamarproperties.com\/ca\/privacy-policy\/\",\"name\":\"Pol\u00edtica de Privacitat | Rentamar\",\"isPartOf\":{\"@id\":\"https:\/\/rentamar.com\/#website\"},\"datePublished\":\"2025-01-28T16:10:34+00:00\",\"dateModified\":\"2025-03-13T18:04:29+00:00\",\"breadcrumb\":{\"@id\":\"https:\/\/rentamarproperties.com\/ca\/privacy-policy\/#breadcrumb\"},\"inLanguage\":\"ca\",\"potentialAction\":[{\"@type\":\"ReadAction\",\"target\":[\"https:\/\/rentamarproperties.com\/ca\/privacy-policy\/\"]}]},{\"@type\":\"BreadcrumbList\",\"@id\":\"https:\/\/rentamarproperties.com\/ca\/privacy-policy\/#breadcrumb\",\"itemListElement\":[{\"@type\":\"ListItem\",\"position\":1,\"name\":\"Home\",\"item\":\"https:\/\/rentamar.com\/ca\/\"},{\"@type\":\"ListItem\",\"position\":2,\"name\":\"Pol\u00edtica de Privacitat\"}]},{\"@type\":\"WebSite\",\"@id\":\"https:\/\/rentamar.com\/#website\",\"url\":\"https:\/\/rentamar.com\/\",\"name\":\"Rentamar\",\"description\":\"Rentamar promueve, construye y gestiona edificios exclusivos en ubicaciones prime.\",\"publisher\":{\"@id\":\"https:\/\/rentamar.com\/#organization\"},\"potentialAction\":[{\"@type\":\"SearchAction\",\"target\":{\"@type\":\"EntryPoint\",\"urlTemplate\":\"https:\/\/rentamar.com\/?s={search_term_string}\"},\"query-input\":{\"@type\":\"PropertyValueSpecification\",\"valueRequired\":true,\"valueName\":\"search_term_string\"}}],\"inLanguage\":\"ca\"},{\"@type\":\"Organization\",\"@id\":\"https:\/\/rentamar.com\/#organization\",\"name\":\"Rentamar\",\"url\":\"https:\/\/rentamar.com\/\",\"logo\":{\"@type\":\"ImageObject\",\"inLanguage\":\"ca\",\"@id\":\"https:\/\/rentamar.com\/#\/schema\/logo\/image\/\",\"url\":\"https:\/\/rentamarproperties.com\/wp-content\/uploads\/2025\/04\/Rentamar.png\",\"contentUrl\":\"https:\/\/rentamarproperties.com\/wp-content\/uploads\/2025\/04\/Rentamar.png\",\"width\":900,\"height\":900,\"caption\":\"Rentamar\"},\"image\":{\"@id\":\"https:\/\/rentamar.com\/#\/schema\/logo\/image\/\"},\"sameAs\":[\"https:\/\/www.linkedin.com\/company\/rentamar\/\"]}]}<\/script>\n<!-- \/ Yoast SEO plugin. -->","yoast_head_json":{"title":"Pol\u00edtica de Privacitat | Rentamar","robots":{"index":"index","follow":"follow","max-snippet":"max-snippet:-1","max-image-preview":"max-image-preview:large","max-video-preview":"max-video-preview:-1"},"canonical":"https:\/\/rentamarproperties.com\/ca\/privacy-policy\/","og_locale":"ca_ES","og_type":"article","og_title":"Pol\u00edtica de Privacitat | Rentamar","og_description":"[vc_row type=&#8221;full_width_background&#8221; full_screen_row_position=&#8221;middle&#8221; column_margin=&#8221;default&#8221; column_direction=&#8221;default&#8221; column_direction_tablet=&#8221;default&#8221; column_direction_phone=&#8221;default&#8221; scene_position=&#8221;center&#8221; text_color=&#8221;dark&#8221; text_align=&#8221;left&#8221; row_border_radius=&#8221;none&#8221; row_border_radius_applies=&#8221;bg&#8221; overflow=&#8221;visible&#8221; class=&#8221;MarginBottom&#8221; overlay_strength=&#8221;0.3&#8243; gradient_direction=&#8221;left_to_right&#8221; shape_divider_position=&#8221;bottom&#8221; bg_image_animation=&#8221;none&#8221; gradient_type=&#8221;default&#8221; shape_type=&#8221;&#8221;][vc_column column_padding=&#8221;no-extra-padding&#8221; column_padding_tablet=&#8221;inherit&#8221; column_padding_phone=&#8221;inherit&#8221; column_padding_position=&#8221;all&#8221; column_element_direction_desktop=&#8221;default&#8221; column_element_spacing=&#8221;default&#8221; desktop_text_alignment=&#8221;default&#8221; tablet_text_alignment=&#8221;default&#8221; phone_text_alignment=&#8221;default&#8221; background_color_opacity=&#8221;1&#8243;...","og_url":"https:\/\/rentamarproperties.com\/ca\/privacy-policy\/","og_site_name":"Rentamar","article_modified_time":"2025-03-13T18:04:29+00:00","og_image":[{"width":2784,"height":800,"url":"https:\/\/rentamarproperties.com\/wp-content\/uploads\/2025\/01\/00-Logo-Color.png","type":"image\/png"}],"twitter_card":"summary_large_image","twitter_misc":{"Temps estimat de lectura":"5 minuts"},"schema":{"@context":"https:\/\/schema.org","@graph":[{"@type":"WebPage","@id":"https:\/\/rentamarproperties.com\/ca\/privacy-policy\/","url":"https:\/\/rentamarproperties.com\/ca\/privacy-policy\/","name":"Pol\u00edtica de Privacitat | Rentamar","isPartOf":{"@id":"https:\/\/rentamar.com\/#website"},"datePublished":"2025-01-28T16:10:34+00:00","dateModified":"2025-03-13T18:04:29+00:00","breadcrumb":{"@id":"https:\/\/rentamarproperties.com\/ca\/privacy-policy\/#breadcrumb"},"inLanguage":"ca","potentialAction":[{"@type":"ReadAction","target":["https:\/\/rentamarproperties.com\/ca\/privacy-policy\/"]}]},{"@type":"BreadcrumbList","@id":"https:\/\/rentamarproperties.com\/ca\/privacy-policy\/#breadcrumb","itemListElement":[{"@type":"ListItem","position":1,"name":"Home","item":"https:\/\/rentamar.com\/ca\/"},{"@type":"ListItem","position":2,"name":"Pol\u00edtica de Privacitat"}]},{"@type":"WebSite","@id":"https:\/\/rentamar.com\/#website","url":"https:\/\/rentamar.com\/","name":"Rentamar","description":"Rentamar promueve, construye y gestiona edificios exclusivos en ubicaciones prime.","publisher":{"@id":"https:\/\/rentamar.com\/#organization"},"potentialAction":[{"@type":"SearchAction","target":{"@type":"EntryPoint","urlTemplate":"https:\/\/rentamar.com\/?s={search_term_string}"},"query-input":{"@type":"PropertyValueSpecification","valueRequired":true,"valueName":"search_term_string"}}],"inLanguage":"ca"},{"@type":"Organization","@id":"https:\/\/rentamar.com\/#organization","name":"Rentamar","url":"https:\/\/rentamar.com\/","logo":{"@type":"ImageObject","inLanguage":"ca","@id":"https:\/\/rentamar.com\/#\/schema\/logo\/image\/","url":"https:\/\/rentamarproperties.com\/wp-content\/uploads\/2025\/04\/Rentamar.png","contentUrl":"https:\/\/rentamarproperties.com\/wp-content\/uploads\/2025\/04\/Rentamar.png","width":900,"height":900,"caption":"Rentamar"},"image":{"@id":"https:\/\/rentamar.com\/#\/schema\/logo\/image\/"},"sameAs":["https:\/\/www.linkedin.com\/company\/rentamar\/"]}]}},"_links":{"self":[{"href":"https:\/\/rentamarproperties.com\/ca\/wp-json\/wp\/v2\/pages\/1807","targetHints":{"allow":["GET"]}}],"collection":[{"href":"https:\/\/rentamarproperties.com\/ca\/wp-json\/wp\/v2\/pages"}],"about":[{"href":"https:\/\/rentamarproperties.com\/ca\/wp-json\/wp\/v2\/types\/page"}],"author":[{"embeddable":true,"href":"https:\/\/rentamarproperties.com\/ca\/wp-json\/wp\/v2\/users\/1"}],"replies":[{"embeddable":true,"href":"https:\/\/rentamarproperties.com\/ca\/wp-json\/wp\/v2\/comments?post=1807"}],"version-history":[{"count":5,"href":"https:\/\/rentamarproperties.com\/ca\/wp-json\/wp\/v2\/pages\/1807\/revisions"}],"predecessor-version":[{"id":1823,"href":"https:\/\/rentamarproperties.com\/ca\/wp-json\/wp\/v2\/pages\/1807\/revisions\/1823"}],"wp:attachment":[{"href":"https:\/\/rentamarproperties.com\/ca\/wp-json\/wp\/v2\/media?parent=1807"}],"curies":[{"name":"wp","href":"https:\/\/api.w.org\/{rel}","templated":true}]}}