{"id":1774,"date":"2025-02-16T19:40:24","date_gmt":"2025-02-16T19:40:24","guid":{"rendered":"https:\/\/rentamarproperties.com\/availability\/"},"modified":"2025-07-16T09:48:37","modified_gmt":"2025-07-16T08:48:37","slug":"disponibilitat","status":"publish","type":"page","link":"https:\/\/rentamarproperties.com\/ca\/disponibilitat\/","title":{"rendered":"Disponibilitat"},"content":{"rendered":"[vc_row type=&#8221;full_width_content&#8221; full_screen_row_position=&#8221;middle&#8221; column_margin=&#8221;none&#8221; column_direction=&#8221;default&#8221; column_direction_tablet=&#8221;default&#8221; column_direction_phone=&#8221;default&#8221; scene_position=&#8221;center&#8221; top_padding=&#8221;0&#8243; bottom_padding=&#8221;0&#8243; top_margin=&#8221;0&#8243; bottom_margin=&#8221;0&#8243; top_margin_phone=&#8221;15%&#8221; text_color=&#8221;dark&#8221; text_align=&#8221;left&#8221; row_border_radius=&#8221;none&#8221; row_border_radius_applies=&#8221;bg&#8221; overflow=&#8221;visible&#8221; class=&#8221;MarginTopBottom About-Ficha&#8221; overlay_strength=&#8221;0.3&#8243; gradient_direction=&#8221;left_to_right&#8221; shape_divider_position=&#8221;bottom&#8221; bg_image_animation=&#8221;none&#8221; gradient_type=&#8221;default&#8221; shape_type=&#8221;&#8221;][vc_column column_padding=&#8221;no-extra-padding&#8221; column_padding_tablet=&#8221;inherit&#8221; column_padding_phone=&#8221;inherit&#8221; column_padding_position=&#8221;all&#8221; column_element_direction_desktop=&#8221;default&#8221; column_element_spacing=&#8221;default&#8221; desktop_text_alignment=&#8221;default&#8221; tablet_text_alignment=&#8221;default&#8221; phone_text_alignment=&#8221;default&#8221; background_color_opacity=&#8221;1&#8243; background_hover_color_opacity=&#8221;1&#8243; column_backdrop_filter=&#8221;none&#8221; column_shadow=&#8221;none&#8221; column_border_radius=&#8221;none&#8221; column_link_target=&#8221;_self&#8221; column_position=&#8221;default&#8221; gradient_direction=&#8221;left_to_right&#8221; overlay_strength=&#8221;0.3&#8243; width=&#8221;1\/1&#8243; tablet_width_inherit=&#8221;default&#8221; animation_type=&#8221;default&#8221; bg_image_animation=&#8221;none&#8221; border_type=&#8221;simple&#8221; column_border_width=&#8221;none&#8221; column_border_style=&#8221;solid&#8221;][vc_row_inner column_margin=&#8221;default&#8221; column_direction=&#8221;default&#8221; column_direction_tablet=&#8221;default&#8221; column_direction_phone=&#8221;default&#8221; top_padding=&#8221;0&#8243; bottom_padding=&#8221;30px&#8221; right_padding_tablet=&#8221;0&#8243; right_padding_phone=&#8221;0&#8243; text_align=&#8221;left&#8221; row_position=&#8221;default&#8221; row_position_tablet=&#8221;inherit&#8221; row_position_phone=&#8221;inherit&#8221; overflow=&#8221;visible&#8221; pointer_events=&#8221;all&#8221; class=&#8221;MakingTxt wrap&#8221;][vc_column_inner column_padding=&#8221;no-extra-padding&#8221; column_padding_tablet=&#8221;inherit&#8221; column_padding_phone=&#8221;inherit&#8221; column_padding_position=&#8221;all&#8221; column_element_direction_desktop=&#8221;default&#8221; column_element_spacing=&#8221;default&#8221; desktop_text_alignment=&#8221;default&#8221; tablet_text_alignment=&#8221;default&#8221; phone_text_alignment=&#8221;default&#8221; background_color_opacity=&#8221;1&#8243; background_hover_color_opacity=&#8221;1&#8243; column_backdrop_filter=&#8221;none&#8221; column_shadow=&#8221;none&#8221; column_border_radius=&#8221;none&#8221; column_link_target=&#8221;_self&#8221; overflow=&#8221;visible&#8221; gradient_direction=&#8221;left_to_right&#8221; overlay_strength=&#8221;0.3&#8243; width=&#8221;1\/1&#8243; tablet_width_inherit=&#8221;default&#8221; animation_type=&#8221;default&#8221; bg_image_animation=&#8221;none&#8221; border_type=&#8221;simple&#8221; column_border_width=&#8221;none&#8221; column_border_style=&#8221;solid&#8221;][vc_column_text css=&#8221;.vc_custom_1741882858765{margin-bottom: 5px !important;}&#8221; text_direction=&#8221;default&#8221; max_width=&#8221;960px&#8221;]\n<h3>Disponibilitat<\/h3>\n<p>Rentamar ofereix actualment els seg\u00fcents espais d\u2019oficines de Classe A. Visiti la p\u00e0gina de cada edifici per obtenir m\u00e9s informaci\u00f3 detallada.[\/vc_column_text][vc_raw_html css=&#8221;&#8221; el_class=&#8221;table-container PadTop&#8221;]JTNDdGFibGUlM0UlMEElMjAlMjAlM0N0aGVhZCUzRSUwQSUyMCUyMCUyMCUyMCUzQ3RyJTNFJTBBJTIwJTIwJTIwJTIwJTIwJTIwJTNDdGglM0VFRElGSUNJJTNDJTJGdGglM0UlMEElMjAlMjAlMjAlMjAlMjAlMjAlM0N0aCUzRVVCSUNBQ0klQzMlOTMlM0MlMkZ0aCUzRSUwQSUyMCUyMCUyMCUyMCUyMCUyMCUzQ3RoJTNFU1VQRVJGJUMzJThEQ0lFJTIwVE9UQUwlM0MlMkZ0aCUzRSUwQSUyMCUyMCUyMCUyMCUyMCUyMCUzQ3RoJTNFU1VQRVJGJUMzJThEQ0lFJTIwRElTUE9OSUJMRSUzQyUyRnRoJTNFJTBBJTIwJTIwJTIwJTIwJTIwJTIwJTNDdGglM0UlM0MlMkZ0aCUzRSUwQSUyMCUyMCUyMCUyMCUzQyUyRnRyJTNFJTBBJTIwJTIwJTNDJTJGdGhlYWQlM0UlMEElMjAlMjAlM0N0Ym9keSUzRSUwQSUyMCUyMCUyMCUyMCUzQ3RyJTNFJTBBJTIwJTIwJTIwJTIwJTIwJTIwJTNDdGQlM0ViaWxNQSUzQyUyRnRkJTNFJTBBJTIwJTIwJTIwJTIwJTIwJTIwJTNDdGQlM0UyMiU0MCUzQyUyRnRkJTNFJTBBJTIwJTIwJTIwJTIwJTIwJTIwJTNDdGQlM0UyNC4wMDAlMjBtJTNDc3VwJTNFMiUzQyUyRnN1cCUzRSUzQyUyRnRkJTNFJTBBJTIwJTIwJTIwJTIwJTIwJTIwJTNDdGQlM0VQciVDMyVCMnhpbWFtZW50JTNDJTJGdGQlM0UlMEElMjAlMjAlMjAlMjAlMjAlMjAlM0N0ZCUzRSUzQ2ElMjBocmVmJTNEJTIyJTJGY2ElMkZjb250YWN0ZSUyRiUzRmNhdGVnb3JpYSUzRGJpbE1BJTI1MjBPZmZpY2UlMjUyMEJ1aWxkaW5nJTIzY29uc3VsdGElMjIlMjBjbGFzcyUzRCUyMmJ0bi1jb250YWN0JTIyJTNFQ09OVEFDVEUlM0MlMkZhJTNFJTNDJTJGdGQlM0UlMEElMjAlMjAlMjAlMjAlM0MlMkZ0ciUzRSUwQSUyMCUyMCUyMCUyMCUzQ3RyJTNFJTBBJTIwJTIwJTIwJTIwJTIwJTIwJTNDdGQlM0VFbnRlbiVDMyVBN2ElMjAzMzIlM0MlMkZ0ZCUzRSUwQSUyMCUyMCUyMCUyMCUyMCUyMCUzQ3RkJTNFTGVzJTIwQ29ydHMlM0MlMkZ0ZCUzRSUwQSUyMCUyMCUyMCUyMCUyMCUyMCUzQ3RkJTNFNy4wMDAlMjBtJTNDc3VwJTNFMiUzQyUyRnN1cCUzRSUzQyUyRnRkJTNFJTBBJTIwJTIwJTIwJTIwJTIwJTIwJTNDdGQlM0UxNTAlMjBtJTNDc3VwJTNFMiUzQyUyRnN1cCUzRSUzQyUyRnRkJTNFJTBBJTIwJTIwJTIwJTIwJTIwJTIwJTNDdGQlM0UlM0NhJTIwaHJlZiUzRCUyMiUyRmNhJTJGY29udGFjdGUlMkYlM0ZjYXRlZ29yaWElM0RFbnRlbiUyNUMzJTI1QTdhJTI1MjAzMzIlMjNjb25zdWx0YSUyMiUyMGNsYXNzJTNEJTIyYnRuLWNvbnRhY3QlMjIlM0VDT05UQUNURSUzQyUyRmElM0UlM0MlMkZ0ZCUzRSUwQSUyMCUyMCUyMCUyMCUzQyUyRnRyJTNFJTBBJTIwJTIwJTIwJTIwJTNDdHIlM0UlMEElMjAlMjAlMjAlMjAlMjAlMjAlM0N0ZCUzRURpYWdvbmFsJTIwNTQ1JTNDJTJGdGQlM0UlMEElMjAlMjAlMjAlMjAlMjAlMjAlM0N0ZCUzRURpYWdvbmFsJTNDJTJGdGQlM0UlMEElMjAlMjAlMjAlMjAlMjAlMjAlM0N0ZCUzRTYuNTAwJTIwbSUzQ3N1cCUzRTIlM0MlMkZzdXAlM0UlM0MlMkZ0ZCUzRSUwQSUyMCUyMCUyMCUyMCUyMCUyMCUzQ3RkJTNFMS4wNDAlMjBtJTNDc3VwJTNFMiUzQyUyRnN1cCUzRSUzQyUyRnRkJTNFJTBBJTIwJTIwJTIwJTIwJTIwJTIwJTNDdGQlM0UlM0NhJTIwaHJlZiUzRCUyMiUyRmNhJTJGY29udGFjdGUlMkYlM0ZjYXRlZ29yaWElM0REaWFnb25hbCUyNTIwNTQ1JTIzY29uc3VsdGElMjIlMjBjbGFzcyUzRCUyMmJ0bi1jb250YWN0JTIyJTNFQ09OVEFDVEUlM0MlMkZhJTNFJTNDJTJGdGQlM0UlMEElMjAlMjAlMjAlMjAlM0MlMkZ0ciUzRSUwQSUyMCUyMCUyMCUyMCUzQ3RyJTNFJTBBJTIwJTIwJTIwJTIwJTIwJTIwJTNDdGQlM0VEaWFnb25hbCUyMDU3NSUzQyUyRnRkJTNFJTBBJTIwJTIwJTIwJTIwJTIwJTIwJTNDdGQlM0VEaWFnb25hbCUzQyUyRnRkJTNFJTBBJTIwJTIwJTIwJTIwJTIwJTIwJTNDdGQlM0UxOC4wMDAlMjBtJTNDc3VwJTNFMiUzQyUyRnN1cCUzRSUzQyUyRnRkJTNFJTBBJTIwJTIwJTIwJTIwJTIwJTIwJTNDdGQlM0UzLjE1NCUyMG0lM0NzdXAlM0UyJTNDJTJGc3VwJTNFJTNDJTJGdGQlM0UlMEElMjAlMjAlMjAlMjAlMjAlMjAlM0N0ZCUzRSUzQ2ElMjBocmVmJTNEJTIyJTJGY2ElMkZjb250YWN0ZSUyRiUzRmNhdGVnb3JpYSUzRERpYWdvbmFsJTI1MjA1NzUlMjNjb25zdWx0YSUyMiUyMGNsYXNzJTNEJTIyYnRuLWNvbnRhY3QlMjIlM0VDT05UQUNURSUzQyUyRmElM0UlM0MlMkZ0ZCUzRSUwQSUyMCUyMCUyMCUyMCUzQyUyRnRyJTNFJTBBJTIwJTIwJTIwJTIwJTNDdHIlM0UlMEElMjAlMjAlMjAlMjAlMjAlMjAlM0N0ZCUzRVNhbmNobyUyMGRlJTIwJUMzJTgxdmlsYSUyMDUyJTNDJTJGdGQlM0UlMEElMjAlMjAlMjAlMjAlMjAlMjAlM0N0ZCUzRTIyJTQwJTNDJTJGdGQlM0UlMEElMjAlMjAlMjAlMjAlMjAlMjAlM0N0ZCUzRTEyLjAwMCUyMG0lM0NzdXAlM0UyJTNDJTJGc3VwJTNFJTNDJTJGdGQlM0UlMEElMjAlMjAlMjAlMjAlMjAlMjAlM0N0ZCUzRTMuNTAwJTIwbSUzQ3N1cCUzRTIlM0MlMkZzdXAlM0UlM0MlMkZ0ZCUzRSUwQSUyMCUyMCUyMCUyMCUyMCUyMCUzQ3RkJTNFJTNDYSUyMGhyZWYlM0QlMjIlMkZjYSUyRmNvbnRhY3RlJTJGJTNGY2F0ZWdvcmlhJTNEU2FuY2hvJTI1MjBkZSUyNTIwJTI1QzMlMjU4MXZpbGElMjUyMDUyLTU4JTIzY29uc3VsdGElMjIlMjBjbGFzcyUzRCUyMmJ0bi1jb250YWN0JTIyJTNFQ09OVEFDVEUlM0MlMkZhJTNFJTNDJTJGdGQlM0UlMEElMjAlMjAlMjAlMjAlM0MlMkZ0ciUzRSUwQSUyMCUyMCUzQyUyRnRib2R5JTNFJTBBJTNDJTJGdGFibGUlM0UlMEE=[\/vc_raw_html][\/vc_column_inner][\/vc_row_inner][divider line_type=&#8221;No Line&#8221; custom_height=&#8221;30&#8243; custom_height_tablet=&#8221;20&#8243;][\/vc_column][\/vc_row]\n","protected":false},"excerpt":{"rendered":"<p>[vc_row type=&#8221;full_width_content&#8221; full_screen_row_position=&#8221;middle&#8221; column_margin=&#8221;none&#8221; column_direction=&#8221;default&#8221; column_direction_tablet=&#8221;default&#8221; column_direction_phone=&#8221;default&#8221; scene_position=&#8221;center&#8221; top_padding=&#8221;0&#8243; bottom_padding=&#8221;0&#8243; top_margin=&#8221;0&#8243; bottom_margin=&#8221;0&#8243; top_margin_phone=&#8221;15%&#8221; text_color=&#8221;dark&#8221; text_align=&#8221;left&#8221; row_border_radius=&#8221;none&#8221; row_border_radius_applies=&#8221;bg&#8221; overflow=&#8221;visible&#8221; class=&#8221;MarginTopBottom About-Ficha&#8221; overlay_strength=&#8221;0.3&#8243; gradient_direction=&#8221;left_to_right&#8221; shape_divider_position=&#8221;bottom&#8221; bg_image_animation=&#8221;none&#8221; gradient_type=&#8221;default&#8221; shape_type=&#8221;&#8221;][vc_column column_padding=&#8221;no-extra-padding&#8221; column_padding_tablet=&#8221;inherit&#8221; column_padding_phone=&#8221;inherit&#8221; column_padding_position=&#8221;all&#8221;&#8230;<\/p>\n","protected":false},"author":1,"featured_media":0,"parent":0,"menu_order":0,"comment_status":"closed","ping_status":"closed","template":"","meta":{"_acf_changed":false,"inline_featured_image":false,"footnotes":""},"class_list":["post-1774","page","type-page","status-publish"],"acf":[],"yoast_head":"<!-- This site is optimized with the Yoast SEO plugin v27.1.1 - https:\/\/yoast.com\/product\/yoast-seo-wordpress\/ -->\n<title>Disponibilitat - Rentamar Edificis exclusius a Barcelona<\/title>\n<meta name=\"description\" content=\"Descobreixi la disponibilitat actual de les nostres propietats de luxe a Barcelona i rodalies. Trobi la seva llar ideal amb Rentamar.\" \/>\n<meta name=\"robots\" content=\"index, follow, max-snippet:-1, max-image-preview:large, max-video-preview:-1\" \/>\n<link rel=\"canonical\" href=\"https:\/\/rentamarproperties.com\/ca\/disponibilitat\/\" \/>\n<meta property=\"og:locale\" content=\"ca_ES\" \/>\n<meta property=\"og:type\" content=\"article\" \/>\n<meta property=\"og:title\" content=\"Disponibilitat - Rentamar Edificis exclusius a Barcelona\" \/>\n<meta property=\"og:description\" content=\"Descobreixi la disponibilitat actual de les nostres propietats de luxe a Barcelona i rodalies. Trobi la seva llar ideal amb Rentamar.\" \/>\n<meta property=\"og:url\" content=\"https:\/\/rentamarproperties.com\/ca\/disponibilitat\/\" \/>\n<meta property=\"og:site_name\" content=\"Rentamar\" \/>\n<meta property=\"article:modified_time\" content=\"2025-07-16T08:48:37+00:00\" \/>\n<meta property=\"og:image\" content=\"https:\/\/rentamarproperties.com\/wp-content\/uploads\/2025\/01\/00-Logo-Color.png\" \/>\n\t<meta property=\"og:image:width\" content=\"2784\" \/>\n\t<meta property=\"og:image:height\" content=\"800\" \/>\n\t<meta property=\"og:image:type\" content=\"image\/png\" \/>\n<meta name=\"twitter:card\" content=\"summary_large_image\" \/>\n<meta name=\"twitter:label1\" content=\"Temps estimat de lectura\" \/>\n\t<meta name=\"twitter:data1\" content=\"1 minut\" \/>\n<script type=\"application\/ld+json\" class=\"yoast-schema-graph\">{\"@context\":\"https:\/\/schema.org\",\"@graph\":[{\"@type\":\"WebPage\",\"@id\":\"https:\/\/rentamarproperties.com\/ca\/disponibilitat\/\",\"url\":\"https:\/\/rentamarproperties.com\/ca\/disponibilitat\/\",\"name\":\"Disponibilitat - Rentamar Edificis exclusius a Barcelona\",\"isPartOf\":{\"@id\":\"https:\/\/rentamar.com\/#website\"},\"datePublished\":\"2025-02-16T19:40:24+00:00\",\"dateModified\":\"2025-07-16T08:48:37+00:00\",\"description\":\"Descobreixi la disponibilitat actual de les nostres propietats de luxe a Barcelona i rodalies. Trobi la seva llar ideal amb Rentamar.\",\"breadcrumb\":{\"@id\":\"https:\/\/rentamarproperties.com\/ca\/disponibilitat\/#breadcrumb\"},\"inLanguage\":\"ca\",\"potentialAction\":[{\"@type\":\"ReadAction\",\"target\":[\"https:\/\/rentamarproperties.com\/ca\/disponibilitat\/\"]}]},{\"@type\":\"BreadcrumbList\",\"@id\":\"https:\/\/rentamarproperties.com\/ca\/disponibilitat\/#breadcrumb\",\"itemListElement\":[{\"@type\":\"ListItem\",\"position\":1,\"name\":\"Home\",\"item\":\"https:\/\/rentamar.com\/ca\/\"},{\"@type\":\"ListItem\",\"position\":2,\"name\":\"Disponibilitat\"}]},{\"@type\":\"WebSite\",\"@id\":\"https:\/\/rentamar.com\/#website\",\"url\":\"https:\/\/rentamar.com\/\",\"name\":\"Rentamar\",\"description\":\"Rentamar promueve, construye y gestiona edificios exclusivos en ubicaciones prime.\",\"publisher\":{\"@id\":\"https:\/\/rentamar.com\/#organization\"},\"potentialAction\":[{\"@type\":\"SearchAction\",\"target\":{\"@type\":\"EntryPoint\",\"urlTemplate\":\"https:\/\/rentamar.com\/?s={search_term_string}\"},\"query-input\":{\"@type\":\"PropertyValueSpecification\",\"valueRequired\":true,\"valueName\":\"search_term_string\"}}],\"inLanguage\":\"ca\"},{\"@type\":\"Organization\",\"@id\":\"https:\/\/rentamar.com\/#organization\",\"name\":\"Rentamar\",\"url\":\"https:\/\/rentamar.com\/\",\"logo\":{\"@type\":\"ImageObject\",\"inLanguage\":\"ca\",\"@id\":\"https:\/\/rentamar.com\/#\/schema\/logo\/image\/\",\"url\":\"https:\/\/rentamarproperties.com\/wp-content\/uploads\/2025\/04\/Rentamar.png\",\"contentUrl\":\"https:\/\/rentamarproperties.com\/wp-content\/uploads\/2025\/04\/Rentamar.png\",\"width\":900,\"height\":900,\"caption\":\"Rentamar\"},\"image\":{\"@id\":\"https:\/\/rentamar.com\/#\/schema\/logo\/image\/\"},\"sameAs\":[\"https:\/\/www.linkedin.com\/company\/rentamar\/\"]}]}<\/script>\n<!-- \/ Yoast SEO plugin. -->","yoast_head_json":{"title":"Disponibilitat - Rentamar Edificis exclusius a Barcelona","description":"Descobreixi la disponibilitat actual de les nostres propietats de luxe a Barcelona i rodalies. Trobi la seva llar ideal amb Rentamar.","robots":{"index":"index","follow":"follow","max-snippet":"max-snippet:-1","max-image-preview":"max-image-preview:large","max-video-preview":"max-video-preview:-1"},"canonical":"https:\/\/rentamarproperties.com\/ca\/disponibilitat\/","og_locale":"ca_ES","og_type":"article","og_title":"Disponibilitat - Rentamar Edificis exclusius a Barcelona","og_description":"Descobreixi la disponibilitat actual de les nostres propietats de luxe a Barcelona i rodalies. Trobi la seva llar ideal amb Rentamar.","og_url":"https:\/\/rentamarproperties.com\/ca\/disponibilitat\/","og_site_name":"Rentamar","article_modified_time":"2025-07-16T08:48:37+00:00","og_image":[{"width":2784,"height":800,"url":"https:\/\/rentamarproperties.com\/wp-content\/uploads\/2025\/01\/00-Logo-Color.png","type":"image\/png"}],"twitter_card":"summary_large_image","twitter_misc":{"Temps estimat de lectura":"1 minut"},"schema":{"@context":"https:\/\/schema.org","@graph":[{"@type":"WebPage","@id":"https:\/\/rentamarproperties.com\/ca\/disponibilitat\/","url":"https:\/\/rentamarproperties.com\/ca\/disponibilitat\/","name":"Disponibilitat - Rentamar Edificis exclusius a Barcelona","isPartOf":{"@id":"https:\/\/rentamar.com\/#website"},"datePublished":"2025-02-16T19:40:24+00:00","dateModified":"2025-07-16T08:48:37+00:00","description":"Descobreixi la disponibilitat actual de les nostres propietats de luxe a Barcelona i rodalies. Trobi la seva llar ideal amb Rentamar.","breadcrumb":{"@id":"https:\/\/rentamarproperties.com\/ca\/disponibilitat\/#breadcrumb"},"inLanguage":"ca","potentialAction":[{"@type":"ReadAction","target":["https:\/\/rentamarproperties.com\/ca\/disponibilitat\/"]}]},{"@type":"BreadcrumbList","@id":"https:\/\/rentamarproperties.com\/ca\/disponibilitat\/#breadcrumb","itemListElement":[{"@type":"ListItem","position":1,"name":"Home","item":"https:\/\/rentamar.com\/ca\/"},{"@type":"ListItem","position":2,"name":"Disponibilitat"}]},{"@type":"WebSite","@id":"https:\/\/rentamar.com\/#website","url":"https:\/\/rentamar.com\/","name":"Rentamar","description":"Rentamar promueve, construye y gestiona edificios exclusivos en ubicaciones prime.","publisher":{"@id":"https:\/\/rentamar.com\/#organization"},"potentialAction":[{"@type":"SearchAction","target":{"@type":"EntryPoint","urlTemplate":"https:\/\/rentamar.com\/?s={search_term_string}"},"query-input":{"@type":"PropertyValueSpecification","valueRequired":true,"valueName":"search_term_string"}}],"inLanguage":"ca"},{"@type":"Organization","@id":"https:\/\/rentamar.com\/#organization","name":"Rentamar","url":"https:\/\/rentamar.com\/","logo":{"@type":"ImageObject","inLanguage":"ca","@id":"https:\/\/rentamar.com\/#\/schema\/logo\/image\/","url":"https:\/\/rentamarproperties.com\/wp-content\/uploads\/2025\/04\/Rentamar.png","contentUrl":"https:\/\/rentamarproperties.com\/wp-content\/uploads\/2025\/04\/Rentamar.png","width":900,"height":900,"caption":"Rentamar"},"image":{"@id":"https:\/\/rentamar.com\/#\/schema\/logo\/image\/"},"sameAs":["https:\/\/www.linkedin.com\/company\/rentamar\/"]}]}},"_links":{"self":[{"href":"https:\/\/rentamarproperties.com\/ca\/wp-json\/wp\/v2\/pages\/1774","targetHints":{"allow":["GET"]}}],"collection":[{"href":"https:\/\/rentamarproperties.com\/ca\/wp-json\/wp\/v2\/pages"}],"about":[{"href":"https:\/\/rentamarproperties.com\/ca\/wp-json\/wp\/v2\/types\/page"}],"author":[{"embeddable":true,"href":"https:\/\/rentamarproperties.com\/ca\/wp-json\/wp\/v2\/users\/1"}],"replies":[{"embeddable":true,"href":"https:\/\/rentamarproperties.com\/ca\/wp-json\/wp\/v2\/comments?post=1774"}],"version-history":[{"count":8,"href":"https:\/\/rentamarproperties.com\/ca\/wp-json\/wp\/v2\/pages\/1774\/revisions"}],"predecessor-version":[{"id":1793,"href":"https:\/\/rentamarproperties.com\/ca\/wp-json\/wp\/v2\/pages\/1774\/revisions\/1793"}],"wp:attachment":[{"href":"https:\/\/rentamarproperties.com\/ca\/wp-json\/wp\/v2\/media?parent=1774"}],"curies":[{"name":"wp","href":"https:\/\/api.w.org\/{rel}","templated":true}]}}